{"id":18797,"date":"2022-12-21T14:38:25","date_gmt":"2022-12-21T14:38:25","guid":{"rendered":"https:\/\/www.frammenti.com\/?post_type=product&#038;p=18797"},"modified":"2023-05-24T09:14:56","modified_gmt":"2023-05-24T09:14:56","slug":"reversible-tote-bag","status":"publish","type":"product","link":"https:\/\/www.frammenti.com\/en\/loja\/acessorios\/malas\/reversible-tote-bag\/","title":{"rendered":"Reversible Tote Bag"},"content":{"rendered":"<p>Mala personalizada, vers\u00e1til, estruturada e imperme\u00e1vel. Ideal para ter 2 em 1. Pode-se virar e usar noutra cor, de um lado preto com padr\u00e3o branco e do outro lado branco com padr\u00e3o preto.<br \/>\nTem uma bolsa destac\u00e1vel que pode ser utilizada no inteiror da mala, pendurada na lateral ou como uma mala de m\u00e3o.<br \/>\nCont\u00eam duas al\u00e7as m\u00e9dias para carregar na m\u00e3o ou no ombro e uma al\u00e7a adicional que tamb\u00e9m pode ser utilizada em tiracolo.<br \/>\nFecho de \u00edman.<br \/>\nDetalhe de etiqueta com logo na lateral.<\/p>","protected":false},"excerpt":{"rendered":"<p>Mala personalizada, vers\u00e1til, estruturada e imperme\u00e1vel. Ideal para ter 2 em 1. Pode-se virar e usar noutra cor, de um lado preto com padr\u00e3o branco e do outro lado branco com padr\u00e3o preto. Tem uma bolsa destac\u00e1vel que pode ser utilizada no inteiror da mala, pendurada na lateral ou como uma mala de m\u00e3o. Cont\u00eam&hellip;<\/p>","protected":false},"featured_media":18799,"comment_status":"open","ping_status":"closed","template":"","meta":[],"product_brand":[],"product_cat":[57,17,63,108],"product_tag":[],"class_list":{"0":"post-18797","1":"product","2":"type-product","3":"status-publish","4":"has-post-thumbnail","6":"product_cat-acessorios","7":"product_cat-colaboracao","8":"product_cat-malas","9":"product_cat-tribe","11":"first","12":"outofstock","13":"taxable","14":"shipping-taxable","15":"purchasable","16":"product-type-simple"},"_links":{"self":[{"href":"https:\/\/www.frammenti.com\/en\/wp-json\/wp\/v2\/product\/18797","targetHints":{"allow":["GET"]}}],"collection":[{"href":"https:\/\/www.frammenti.com\/en\/wp-json\/wp\/v2\/product"}],"about":[{"href":"https:\/\/www.frammenti.com\/en\/wp-json\/wp\/v2\/types\/product"}],"replies":[{"embeddable":true,"href":"https:\/\/www.frammenti.com\/en\/wp-json\/wp\/v2\/comments?post=18797"}],"wp:featuredmedia":[{"embeddable":true,"href":"https:\/\/www.frammenti.com\/en\/wp-json\/wp\/v2\/media\/18799"}],"wp:attachment":[{"href":"https:\/\/www.frammenti.com\/en\/wp-json\/wp\/v2\/media?parent=18797"}],"wp:term":[{"taxonomy":"product_brand","embeddable":true,"href":"https:\/\/www.frammenti.com\/en\/wp-json\/wp\/v2\/product_brand?post=18797"},{"taxonomy":"product_cat","embeddable":true,"href":"https:\/\/www.frammenti.com\/en\/wp-json\/wp\/v2\/product_cat?post=18797"},{"taxonomy":"product_tag","embeddable":true,"href":"https:\/\/www.frammenti.com\/en\/wp-json\/wp\/v2\/product_tag?post=18797"}],"curies":[{"name":"wp","href":"https:\/\/api.w.org\/{rel}","templated":true}]}}