{"id":18793,"date":"2022-12-21T14:39:34","date_gmt":"2022-12-21T14:39:34","guid":{"rendered":"https:\/\/www.frammenti.com\/?post_type=product&#038;p=18793"},"modified":"2023-05-24T09:15:04","modified_gmt":"2023-05-24T09:15:04","slug":"tribe-pattern-dress","status":"publish","type":"product","link":"https:\/\/www.frammenti.com\/en\/loja\/colaboracao\/tribe\/tribe-pattern-dress\/","title":{"rendered":"Tribe Pattern Dress"},"content":{"rendered":"<p>Vestido flu\u00eddo, com decote de barco, mangas curtas soltas e altura at\u00e9 o meio da coxa.<br \/>\nTecido macio e de alta qualidade que oferece conforto absoluto.<br \/>\nVers\u00e1til, podendo ser utilizado tamb\u00e9m como t\u00fanica e com cinto, como em diferentes ocasi\u00f5es.<br \/>\nEdi\u00e7\u00e3o limitada.<\/p>","protected":false},"excerpt":{"rendered":"<p>Vestido flu\u00eddo, com decote de barco, mangas curtas soltas e altura at\u00e9 o meio da coxa. Tecido macio e de alta qualidade que oferece conforto absoluto. Vers\u00e1til, podendo ser utilizado tamb\u00e9m como t\u00fanica e com cinto, como em diferentes ocasi\u00f5es. Edi\u00e7\u00e3o limitada.<\/p>","protected":false},"featured_media":18774,"comment_status":"open","ping_status":"closed","template":"","meta":[],"product_brand":[],"product_cat":[17,108,68,58],"product_tag":[],"class_list":{"0":"post-18793","1":"product","2":"type-product","3":"status-publish","4":"has-post-thumbnail","6":"product_cat-colaboracao","7":"product_cat-tribe","8":"product_cat-vestidos","9":"product_cat-vestuario","11":"first","12":"outofstock","13":"taxable","14":"shipping-taxable","15":"product-type-variable","16":"has-default-attributes"},"_links":{"self":[{"href":"https:\/\/www.frammenti.com\/en\/wp-json\/wp\/v2\/product\/18793","targetHints":{"allow":["GET"]}}],"collection":[{"href":"https:\/\/www.frammenti.com\/en\/wp-json\/wp\/v2\/product"}],"about":[{"href":"https:\/\/www.frammenti.com\/en\/wp-json\/wp\/v2\/types\/product"}],"replies":[{"embeddable":true,"href":"https:\/\/www.frammenti.com\/en\/wp-json\/wp\/v2\/comments?post=18793"}],"wp:featuredmedia":[{"embeddable":true,"href":"https:\/\/www.frammenti.com\/en\/wp-json\/wp\/v2\/media\/18774"}],"wp:attachment":[{"href":"https:\/\/www.frammenti.com\/en\/wp-json\/wp\/v2\/media?parent=18793"}],"wp:term":[{"taxonomy":"product_brand","embeddable":true,"href":"https:\/\/www.frammenti.com\/en\/wp-json\/wp\/v2\/product_brand?post=18793"},{"taxonomy":"product_cat","embeddable":true,"href":"https:\/\/www.frammenti.com\/en\/wp-json\/wp\/v2\/product_cat?post=18793"},{"taxonomy":"product_tag","embeddable":true,"href":"https:\/\/www.frammenti.com\/en\/wp-json\/wp\/v2\/product_tag?post=18793"}],"curies":[{"name":"wp","href":"https:\/\/api.w.org\/{rel}","templated":true}]}}