{"id":18756,"date":"2022-12-21T13:59:33","date_gmt":"2022-12-21T13:59:33","guid":{"rendered":"https:\/\/www.frammenti.com\/?post_type=product&#038;p=18756"},"modified":"2023-05-24T09:15:04","modified_gmt":"2023-05-24T09:15:04","slug":"swimming-pants-shorts-tribe","status":"publish","type":"product","link":"https:\/\/www.frammenti.com\/en\/loja\/vestuario\/calcas\/swimming-pants-shorts-tribe\/","title":{"rendered":"Swimming Pants \/ Shorts Tribe"},"content":{"rendered":"<p>Cal\u00e7as resistentes e modul\u00e1veis, que se transformam em cal\u00e7\u00f5es.<br \/>\nDiferente e vers\u00e1til, \u00e9 uma pe\u00e7a ideal para ter 2 em 1 e para levar em viajens.<br \/>\nComposta por um tecido imperme\u00e1vel que tamb\u00e9m permite utilizar esta pe\u00e7a como cal\u00e7\u00f5es de banho. Cont\u00eam dois bolsos laterais com fecho inv\u00edsivel. Cord\u00f5es ajust\u00e1veis metidos no c\u00f3s el\u00e1stico.<br \/>\nForro interior de rede. Detalhe de logo no traseiro.<\/p>","protected":false},"excerpt":{"rendered":"<p>Cal\u00e7as resistentes e modul\u00e1veis, que se transformam em cal\u00e7\u00f5es. Diferente e vers\u00e1til, \u00e9 uma pe\u00e7a ideal para ter 2 em 1 e para levar em viajens. Composta por um tecido imperme\u00e1vel que tamb\u00e9m permite utilizar esta pe\u00e7a como cal\u00e7\u00f5es de banho. Cont\u00eam dois bolsos laterais com fecho inv\u00edsivel. Cord\u00f5es ajust\u00e1veis metidos no c\u00f3s el\u00e1stico. Forro&hellip;<\/p>","protected":false},"featured_media":18757,"comment_status":"open","ping_status":"closed","template":"","meta":[],"product_brand":[],"product_cat":[70,17,108],"product_tag":[],"class_list":{"0":"post-18756","1":"product","2":"type-product","3":"status-publish","4":"has-post-thumbnail","6":"product_cat-calcas","7":"product_cat-colaboracao","8":"product_cat-tribe","10":"first","11":"outofstock","12":"taxable","13":"shipping-taxable","14":"product-type-variable"},"_links":{"self":[{"href":"https:\/\/www.frammenti.com\/en\/wp-json\/wp\/v2\/product\/18756","targetHints":{"allow":["GET"]}}],"collection":[{"href":"https:\/\/www.frammenti.com\/en\/wp-json\/wp\/v2\/product"}],"about":[{"href":"https:\/\/www.frammenti.com\/en\/wp-json\/wp\/v2\/types\/product"}],"replies":[{"embeddable":true,"href":"https:\/\/www.frammenti.com\/en\/wp-json\/wp\/v2\/comments?post=18756"}],"wp:featuredmedia":[{"embeddable":true,"href":"https:\/\/www.frammenti.com\/en\/wp-json\/wp\/v2\/media\/18757"}],"wp:attachment":[{"href":"https:\/\/www.frammenti.com\/en\/wp-json\/wp\/v2\/media?parent=18756"}],"wp:term":[{"taxonomy":"product_brand","embeddable":true,"href":"https:\/\/www.frammenti.com\/en\/wp-json\/wp\/v2\/product_brand?post=18756"},{"taxonomy":"product_cat","embeddable":true,"href":"https:\/\/www.frammenti.com\/en\/wp-json\/wp\/v2\/product_cat?post=18756"},{"taxonomy":"product_tag","embeddable":true,"href":"https:\/\/www.frammenti.com\/en\/wp-json\/wp\/v2\/product_tag?post=18756"}],"curies":[{"name":"wp","href":"https:\/\/api.w.org\/{rel}","templated":true}]}}