{"id":18101,"date":"2022-03-24T15:25:37","date_gmt":"2022-03-24T15:25:37","guid":{"rendered":"https:\/\/www.frammenti.com\/?post_type=product&#038;p=18101"},"modified":"2023-05-24T09:14:58","modified_gmt":"2023-05-24T09:14:58","slug":"cap-with-patches-tribe","status":"publish","type":"product","link":"https:\/\/www.frammenti.com\/en\/loja\/colaboracao\/tribe\/cap-with-patches-tribe\/","title":{"rendered":"Cap with Patches Tribe"},"content":{"rendered":"<p>Combining fashion and art, this iconic cap comes with authentic detachable and collectible patches.<br \/>\nAdjustable strap with pressure springs at the back.<br \/>\nFeatures a cool and breathable fabric.<br \/>\nStructured visor covered in velcro.<br \/>\nVelcro rectangle on front to add patch.<br \/>\nEmbroidered with the brand&#039;s slogan on the back.<br \/>\nThis piece allows you to leave authentic impressions wherever you go.<br \/>\nPerfect for collectors and streetwear lovers.<\/p>","protected":false},"excerpt":{"rendered":"<p>Combinando moda e arte, este bon\u00e9 ic\u00f3nico tr\u00e1s consigo patches aut\u00eanticos amov\u00edveis e colecion\u00e1veis. Al\u00e7a ajust\u00e1vel com molas de press\u00e3o na parte traseira. Apresenta um tecido fresco e respir\u00e1vel. Pala estruturada revestida em velcro. Ret\u00e2ngulo de velcro na frente para adicionar patch. Bordado com slogan da marca na parte de tr\u00e1s. Esta pe\u00e7a permite deixar&hellip;<\/p>","protected":false},"featured_media":18373,"comment_status":"open","ping_status":"closed","template":"","meta":[],"product_brand":[],"product_cat":[17,108],"product_tag":[77,78,84],"class_list":{"0":"post-18101","1":"product","2":"type-product","3":"status-publish","4":"has-post-thumbnail","6":"product_cat-colaboracao","7":"product_cat-tribe","8":"product_tag-homem","9":"product_tag-mulher","10":"product_tag-unisexo","12":"first","13":"outofstock","14":"taxable","15":"shipping-taxable","16":"purchasable","17":"product-type-simple"},"_links":{"self":[{"href":"https:\/\/www.frammenti.com\/en\/wp-json\/wp\/v2\/product\/18101","targetHints":{"allow":["GET"]}}],"collection":[{"href":"https:\/\/www.frammenti.com\/en\/wp-json\/wp\/v2\/product"}],"about":[{"href":"https:\/\/www.frammenti.com\/en\/wp-json\/wp\/v2\/types\/product"}],"replies":[{"embeddable":true,"href":"https:\/\/www.frammenti.com\/en\/wp-json\/wp\/v2\/comments?post=18101"}],"wp:featuredmedia":[{"embeddable":true,"href":"https:\/\/www.frammenti.com\/en\/wp-json\/wp\/v2\/media\/18373"}],"wp:attachment":[{"href":"https:\/\/www.frammenti.com\/en\/wp-json\/wp\/v2\/media?parent=18101"}],"wp:term":[{"taxonomy":"product_brand","embeddable":true,"href":"https:\/\/www.frammenti.com\/en\/wp-json\/wp\/v2\/product_brand?post=18101"},{"taxonomy":"product_cat","embeddable":true,"href":"https:\/\/www.frammenti.com\/en\/wp-json\/wp\/v2\/product_cat?post=18101"},{"taxonomy":"product_tag","embeddable":true,"href":"https:\/\/www.frammenti.com\/en\/wp-json\/wp\/v2\/product_tag?post=18101"}],"curies":[{"name":"wp","href":"https:\/\/api.w.org\/{rel}","templated":true}]}}