{"id":17995,"date":"2022-03-21T15:49:31","date_gmt":"2022-03-21T15:49:31","guid":{"rendered":"https:\/\/www.frammenti.com\/?post_type=product&#038;p=17995"},"modified":"2023-05-24T09:14:58","modified_gmt":"2023-05-24T09:14:58","slug":"shoulder-bag-tribe","status":"publish","type":"product","link":"https:\/\/www.frammenti.com\/en\/loja\/acessorios\/malas\/shoulder-bag-tribe\/","title":{"rendered":"Shoulder Bag Tribe"},"content":{"rendered":"<p>Combining fashion and art, this triangle bag adds irreverence to your look.<br \/>\nIt features a structured, functional and waterproof material.<br \/>\nRubber patch with symbol from the Tribe collection.<br \/>\nEmbossed logo detail on the back.<br \/>\nDetachable adjustable strap using carabiners.<br \/>\nMesh pocket inside.<\/p>","protected":false},"excerpt":{"rendered":"<p>Combinando moda e arte, esta mala tri\u00e2ngulo acrescenta ao seu look irrever\u00eancia. Apresenta um material estruturado, funcional e imperme\u00e1vel. Patche de borracha com s\u00edmbolo da cole\u00e7\u00e3o Tribe. Detalhe de logo estampado na parte de tr\u00e1s. Al\u00e7a ajust\u00e1vel amov\u00edvel atrav\u00e9s de mosquet\u00f5es. Bolso de rede no interior.<\/p>","protected":false},"featured_media":18074,"comment_status":"open","ping_status":"closed","template":"","meta":[],"product_brand":[],"product_cat":[57,17,63,108],"product_tag":[77,78,84],"class_list":{"0":"post-17995","1":"product","2":"type-product","3":"status-publish","4":"has-post-thumbnail","6":"product_cat-acessorios","7":"product_cat-colaboracao","8":"product_cat-malas","9":"product_cat-tribe","10":"product_tag-homem","11":"product_tag-mulher","12":"product_tag-unisexo","14":"first","15":"outofstock","16":"taxable","17":"shipping-taxable","18":"purchasable","19":"product-type-variable","20":"has-default-attributes"},"_links":{"self":[{"href":"https:\/\/www.frammenti.com\/en\/wp-json\/wp\/v2\/product\/17995","targetHints":{"allow":["GET"]}}],"collection":[{"href":"https:\/\/www.frammenti.com\/en\/wp-json\/wp\/v2\/product"}],"about":[{"href":"https:\/\/www.frammenti.com\/en\/wp-json\/wp\/v2\/types\/product"}],"replies":[{"embeddable":true,"href":"https:\/\/www.frammenti.com\/en\/wp-json\/wp\/v2\/comments?post=17995"}],"wp:featuredmedia":[{"embeddable":true,"href":"https:\/\/www.frammenti.com\/en\/wp-json\/wp\/v2\/media\/18074"}],"wp:attachment":[{"href":"https:\/\/www.frammenti.com\/en\/wp-json\/wp\/v2\/media?parent=17995"}],"wp:term":[{"taxonomy":"product_brand","embeddable":true,"href":"https:\/\/www.frammenti.com\/en\/wp-json\/wp\/v2\/product_brand?post=17995"},{"taxonomy":"product_cat","embeddable":true,"href":"https:\/\/www.frammenti.com\/en\/wp-json\/wp\/v2\/product_cat?post=17995"},{"taxonomy":"product_tag","embeddable":true,"href":"https:\/\/www.frammenti.com\/en\/wp-json\/wp\/v2\/product_tag?post=17995"}],"curies":[{"name":"wp","href":"https:\/\/api.w.org\/{rel}","templated":true}]}}