{"id":17988,"date":"2022-03-21T15:42:22","date_gmt":"2022-03-21T15:42:22","guid":{"rendered":"https:\/\/www.frammenti.com\/?post_type=product&#038;p=17988"},"modified":"2023-05-24T09:14:58","modified_gmt":"2023-05-24T09:14:58","slug":"bandana-tribe","status":"publish","type":"product","link":"https:\/\/www.frammenti.com\/en\/loja\/acessorios\/bandana-tribe\/","title":{"rendered":"Bandana Tribe"},"content":{"rendered":"<p>Fresh, elegant and exclusive satin scarf.<br \/>\nNot all scarves are for cold days and this one will add a cheerful and refined touch to your looks.<br \/>\nIt features the monogrammed allover print, also featuring the bold rewrite of the Frammenti signature that contrasts against the background, paying homage to tribal art in form and color.<br \/>\nLogo detail on label.<br \/>\nPerfect to combine in the most varied ways exploring your creativity and versatility.<\/p>","protected":false},"excerpt":{"rendered":"<p>Len\u00e7o de cetim fresco, elegante e exclusivo. Nem todos os len\u00e7os s\u00e3o para os dias frios e este vem acrescentar um toque alegre e refinado aos seus looks. Apresenta a impress\u00e3o allover com monograma, exibindo tamb\u00e9m a ousada reescrita da assinatura da Frammenti que contrasta com o fundo, homenageando a arte tribal em forma e&hellip;<\/p>","protected":false},"featured_media":17993,"comment_status":"open","ping_status":"closed","template":"","meta":[],"product_brand":[],"product_cat":[57,111,108],"product_tag":[77,78,84],"class_list":{"0":"post-17988","1":"product","2":"type-product","3":"status-publish","4":"has-post-thumbnail","6":"product_cat-acessorios","7":"product_cat-bandana","8":"product_cat-tribe","9":"product_tag-homem","10":"product_tag-mulher","11":"product_tag-unisexo","13":"first","14":"outofstock","15":"taxable","16":"shipping-taxable","17":"purchasable","18":"product-type-variable"},"_links":{"self":[{"href":"https:\/\/www.frammenti.com\/en\/wp-json\/wp\/v2\/product\/17988","targetHints":{"allow":["GET"]}}],"collection":[{"href":"https:\/\/www.frammenti.com\/en\/wp-json\/wp\/v2\/product"}],"about":[{"href":"https:\/\/www.frammenti.com\/en\/wp-json\/wp\/v2\/types\/product"}],"replies":[{"embeddable":true,"href":"https:\/\/www.frammenti.com\/en\/wp-json\/wp\/v2\/comments?post=17988"}],"wp:featuredmedia":[{"embeddable":true,"href":"https:\/\/www.frammenti.com\/en\/wp-json\/wp\/v2\/media\/17993"}],"wp:attachment":[{"href":"https:\/\/www.frammenti.com\/en\/wp-json\/wp\/v2\/media?parent=17988"}],"wp:term":[{"taxonomy":"product_brand","embeddable":true,"href":"https:\/\/www.frammenti.com\/en\/wp-json\/wp\/v2\/product_brand?post=17988"},{"taxonomy":"product_cat","embeddable":true,"href":"https:\/\/www.frammenti.com\/en\/wp-json\/wp\/v2\/product_cat?post=17988"},{"taxonomy":"product_tag","embeddable":true,"href":"https:\/\/www.frammenti.com\/en\/wp-json\/wp\/v2\/product_tag?post=17988"}],"curies":[{"name":"wp","href":"https:\/\/api.w.org\/{rel}","templated":true}]}}