{"id":17964,"date":"2022-03-21T15:31:24","date_gmt":"2022-03-21T15:31:24","guid":{"rendered":"https:\/\/www.frammenti.com\/?post_type=product&#038;p=17964"},"modified":"2023-05-24T09:16:31","modified_gmt":"2023-05-24T09:16:31","slug":"t-shirt-crewneck-classic-tribe","status":"publish","type":"product","link":"https:\/\/www.frammenti.com\/en\/loja\/vestuario\/t-shirt-crewneck-classic-tribe\/","title":{"rendered":"Classic Tribe Crewneck T-Shirt"},"content":{"rendered":"<p>Classic crewneck t-shirt provides comfort, function and performance.<br \/>\nFeatures a lightweight, breathable mesh with a soft, smooth feel.<br \/>\nThe front is embellished with the brand&#039;s name in an embossed print.<br \/>\nBrand details with logo label on the left sleeve and slogan on the upper back. An essential classic, perfect for pairing with other pieces.<\/p>","protected":false},"excerpt":{"rendered":"<p>T-shirt crewneck classic, porporciona conforto, fun\u00e7\u00e3o e desempenho. Apresenta uma malha leve e respir\u00e1vel com um toque suave e macio. A parte da frente \u00e9 adornada com o nome da marca personalizado em estampado com relevo. Detalhes da marca com logo etiquetado na manga esquerda e slogan na parte de cima das costas. Um cl\u00e1ssico&hellip;<\/p>","protected":false},"featured_media":18060,"comment_status":"open","ping_status":"closed","template":"","meta":[],"product_brand":[],"product_cat":[58,17,72,108],"product_tag":[77,78,84],"class_list":{"0":"post-17964","1":"product","2":"type-product","3":"status-publish","4":"has-post-thumbnail","6":"product_cat-vestuario","7":"product_cat-colaboracao","8":"product_cat-t-shirt","9":"product_cat-tribe","10":"product_tag-homem","11":"product_tag-mulher","12":"product_tag-unisexo","14":"first","15":"outofstock","16":"taxable","17":"shipping-taxable","18":"product-type-variable","19":"has-default-attributes"},"_links":{"self":[{"href":"https:\/\/www.frammenti.com\/en\/wp-json\/wp\/v2\/product\/17964","targetHints":{"allow":["GET"]}}],"collection":[{"href":"https:\/\/www.frammenti.com\/en\/wp-json\/wp\/v2\/product"}],"about":[{"href":"https:\/\/www.frammenti.com\/en\/wp-json\/wp\/v2\/types\/product"}],"replies":[{"embeddable":true,"href":"https:\/\/www.frammenti.com\/en\/wp-json\/wp\/v2\/comments?post=17964"}],"wp:featuredmedia":[{"embeddable":true,"href":"https:\/\/www.frammenti.com\/en\/wp-json\/wp\/v2\/media\/18060"}],"wp:attachment":[{"href":"https:\/\/www.frammenti.com\/en\/wp-json\/wp\/v2\/media?parent=17964"}],"wp:term":[{"taxonomy":"product_brand","embeddable":true,"href":"https:\/\/www.frammenti.com\/en\/wp-json\/wp\/v2\/product_brand?post=17964"},{"taxonomy":"product_cat","embeddable":true,"href":"https:\/\/www.frammenti.com\/en\/wp-json\/wp\/v2\/product_cat?post=17964"},{"taxonomy":"product_tag","embeddable":true,"href":"https:\/\/www.frammenti.com\/en\/wp-json\/wp\/v2\/product_tag?post=17964"}],"curies":[{"name":"wp","href":"https:\/\/api.w.org\/{rel}","templated":true}]}}