{"id":17923,"date":"2022-03-21T14:55:11","date_gmt":"2022-03-21T14:55:11","guid":{"rendered":"https:\/\/www.frammenti.com\/?post_type=product&#038;p=17923"},"modified":"2023-05-24T09:18:01","modified_gmt":"2023-05-24T09:18:01","slug":"box-fit-t-shirt-tribe","status":"publish","type":"product","link":"https:\/\/www.frammenti.com\/en\/loja\/vestuario\/box-fit-t-shirt-tribe\/","title":{"rendered":"Box Fit T-Shirt Tribe"},"content":{"rendered":"<p>Oversized, cheerful and elegant box-fit t-shirt.<br \/>\nFeatures a structured mesh with a soft, smooth feel.<br \/>\nThe front is embellished with the brand&#039;s name in an embossed print.<br \/>\nThe back is adorned with a print of different reliefs with a mirror shine reflecting the vibes of the Angolan tribe, which transforms itself into a tribal face with geometric shapes that portray an artistic part of their rituals, combining fashion and art.<br \/>\nSymbol of the tribe collection on the right sleeve with relief.<br \/>\nBrand details with label logo on the left sleeve and slogan on the upper back.<br \/>\nPair this piece with casuals and leave trendy impressions wherever you go.<\/p>","protected":false},"excerpt":{"rendered":"<p>T-shirt box-fit oversized, alegre e elegante. Apresenta uma malha estruturada com um toque suave e macio. A parte da frente \u00e9 adornada com o nome da marca personalizado em estampado com relevo. A parte de tr\u00e1s \u00e9 adornada com estampado de diferentes relevos com brilho espelhado refletindo as vibra\u00e7\u00f5es da tribo angolana, que se transforma&hellip;<\/p>","protected":false},"featured_media":18102,"comment_status":"open","ping_status":"closed","template":"","meta":[],"product_brand":[],"product_cat":[58,17,72,108],"product_tag":[77,78,84],"class_list":{"0":"post-17923","1":"product","2":"type-product","3":"status-publish","4":"has-post-thumbnail","6":"product_cat-vestuario","7":"product_cat-colaboracao","8":"product_cat-t-shirt","9":"product_cat-tribe","10":"product_tag-homem","11":"product_tag-mulher","12":"product_tag-unisexo","14":"first","15":"outofstock","16":"taxable","17":"shipping-taxable","18":"product-type-variable","19":"has-default-attributes"},"_links":{"self":[{"href":"https:\/\/www.frammenti.com\/en\/wp-json\/wp\/v2\/product\/17923","targetHints":{"allow":["GET"]}}],"collection":[{"href":"https:\/\/www.frammenti.com\/en\/wp-json\/wp\/v2\/product"}],"about":[{"href":"https:\/\/www.frammenti.com\/en\/wp-json\/wp\/v2\/types\/product"}],"replies":[{"embeddable":true,"href":"https:\/\/www.frammenti.com\/en\/wp-json\/wp\/v2\/comments?post=17923"}],"wp:featuredmedia":[{"embeddable":true,"href":"https:\/\/www.frammenti.com\/en\/wp-json\/wp\/v2\/media\/18102"}],"wp:attachment":[{"href":"https:\/\/www.frammenti.com\/en\/wp-json\/wp\/v2\/media?parent=17923"}],"wp:term":[{"taxonomy":"product_brand","embeddable":true,"href":"https:\/\/www.frammenti.com\/en\/wp-json\/wp\/v2\/product_brand?post=17923"},{"taxonomy":"product_cat","embeddable":true,"href":"https:\/\/www.frammenti.com\/en\/wp-json\/wp\/v2\/product_cat?post=17923"},{"taxonomy":"product_tag","embeddable":true,"href":"https:\/\/www.frammenti.com\/en\/wp-json\/wp\/v2\/product_tag?post=17923"}],"curies":[{"name":"wp","href":"https:\/\/api.w.org\/{rel}","templated":true}]}}