{"id":17466,"date":"2021-12-22T15:35:32","date_gmt":"2021-12-22T15:35:32","guid":{"rendered":"https:\/\/www.frammenti.com\/?post_type=product&#038;p=17466"},"modified":"2023-05-24T09:15:03","modified_gmt":"2023-05-24T09:15:03","slug":"casaco-de-cabedal-pequeno","status":"publish","type":"product","link":"https:\/\/www.frammenti.com\/en\/loja\/vestuario\/jackets-leather-jackets\/casaco-de-cabedal-pequeno\/","title":{"rendered":"small leather coat"},"content":{"rendered":"<p>small leather coat<\/p>\n<p>Leather biker-style jacket. Lapel with buttons, long sleeves including zip cuffs, front zip pockets and asymmetrical metal zip. A matching fabric belt with a metal buckle at the hem.<\/p>","protected":false},"excerpt":{"rendered":"<p>Casaco de cabedal pequeno Casaco estilo motard de cabedal. Lapela com bot\u00f5es, manga comprida que inclui punhos com fecho, bolsos frontais com z\u00edper e fecho de correr assim\u00e9trico em metal. Um cinto de tecido a condizer com uma fivela de metal na bainha.<\/p>","protected":false},"featured_media":4538,"comment_status":"open","ping_status":"closed","template":"","meta":[],"product_brand":[],"product_cat":[66,59],"product_tag":[78,80],"class_list":{"0":"post-17466","1":"product","2":"type-product","3":"status-publish","4":"has-post-thumbnail","6":"product_cat-jackets-leather-jackets","7":"product_cat-outlet","8":"product_tag-mulher","9":"product_tag-vestuario","11":"first","12":"outofstock","13":"sale","14":"taxable","15":"shipping-taxable","16":"purchasable","17":"product-type-variable"},"_links":{"self":[{"href":"https:\/\/www.frammenti.com\/en\/wp-json\/wp\/v2\/product\/17466","targetHints":{"allow":["GET"]}}],"collection":[{"href":"https:\/\/www.frammenti.com\/en\/wp-json\/wp\/v2\/product"}],"about":[{"href":"https:\/\/www.frammenti.com\/en\/wp-json\/wp\/v2\/types\/product"}],"replies":[{"embeddable":true,"href":"https:\/\/www.frammenti.com\/en\/wp-json\/wp\/v2\/comments?post=17466"}],"wp:featuredmedia":[{"embeddable":true,"href":"https:\/\/www.frammenti.com\/en\/wp-json\/wp\/v2\/media\/4538"}],"wp:attachment":[{"href":"https:\/\/www.frammenti.com\/en\/wp-json\/wp\/v2\/media?parent=17466"}],"wp:term":[{"taxonomy":"product_brand","embeddable":true,"href":"https:\/\/www.frammenti.com\/en\/wp-json\/wp\/v2\/product_brand?post=17466"},{"taxonomy":"product_cat","embeddable":true,"href":"https:\/\/www.frammenti.com\/en\/wp-json\/wp\/v2\/product_cat?post=17466"},{"taxonomy":"product_tag","embeddable":true,"href":"https:\/\/www.frammenti.com\/en\/wp-json\/wp\/v2\/product_tag?post=17466"}],"curies":[{"name":"wp","href":"https:\/\/api.w.org\/{rel}","templated":true}]}}