{"id":17465,"date":"2021-12-22T15:02:55","date_gmt":"2021-12-22T15:02:55","guid":{"rendered":"https:\/\/www.frammenti.com\/?post_type=product&#038;p=17465"},"modified":"2023-05-24T09:15:04","modified_gmt":"2023-05-24T09:15:04","slug":"bone-ff-logotipo-salpicado","status":"publish","type":"product","link":"https:\/\/www.frammenti.com\/en\/loja\/acessorios\/bones\/bone-ff-logotipo-salpicado\/","title":{"rendered":"Cap FF Tie Dye"},"content":{"rendered":"<p>Cap FF Tie Dye<\/p>\n<p>Cap with visor. With the FRAMMENTI icon embroidered on the front and FRAMMENTI logo embroidered on the back. Adjustable strap at the back. Black cap with tie dye in pink tones and tie dye in green tones.<\/p>","protected":false},"excerpt":{"rendered":"<p>Cap FF Tie Dye Bon\u00e9 com viseira. Com o \u00edcone FRAMMENTI bordado \u00e0 frente e log\u00f3tipo FRAMMENTI bordado na parte traseira. Al\u00e7a ajust\u00e1vel na parte de tr\u00e1s. Bon\u00e9 preto com tie dye em tons rosas e tie dye em tons verdes.<\/p>","protected":false},"featured_media":4607,"comment_status":"open","ping_status":"closed","template":"","meta":[],"product_brand":[],"product_cat":[57,61,62,17,59,113],"product_tag":[79,77,78,84],"class_list":{"0":"post-17465","1":"product","2":"type-product","3":"status-publish","4":"has-post-thumbnail","6":"product_cat-acessorios","7":"product_cat-bones","8":"product_cat-chapeus","9":"product_cat-colaboracao","10":"product_cat-outlet","11":"product_cat-urban-jungle","12":"product_tag-acessorios","13":"product_tag-homem","14":"product_tag-mulher","15":"product_tag-unisexo","17":"first","18":"outofstock","19":"sale","20":"taxable","21":"shipping-taxable","22":"purchasable","23":"product-type-variable"},"_links":{"self":[{"href":"https:\/\/www.frammenti.com\/en\/wp-json\/wp\/v2\/product\/17465","targetHints":{"allow":["GET"]}}],"collection":[{"href":"https:\/\/www.frammenti.com\/en\/wp-json\/wp\/v2\/product"}],"about":[{"href":"https:\/\/www.frammenti.com\/en\/wp-json\/wp\/v2\/types\/product"}],"replies":[{"embeddable":true,"href":"https:\/\/www.frammenti.com\/en\/wp-json\/wp\/v2\/comments?post=17465"}],"wp:featuredmedia":[{"embeddable":true,"href":"https:\/\/www.frammenti.com\/en\/wp-json\/wp\/v2\/media\/4607"}],"wp:attachment":[{"href":"https:\/\/www.frammenti.com\/en\/wp-json\/wp\/v2\/media?parent=17465"}],"wp:term":[{"taxonomy":"product_brand","embeddable":true,"href":"https:\/\/www.frammenti.com\/en\/wp-json\/wp\/v2\/product_brand?post=17465"},{"taxonomy":"product_cat","embeddable":true,"href":"https:\/\/www.frammenti.com\/en\/wp-json\/wp\/v2\/product_cat?post=17465"},{"taxonomy":"product_tag","embeddable":true,"href":"https:\/\/www.frammenti.com\/en\/wp-json\/wp\/v2\/product_tag?post=17465"}],"curies":[{"name":"wp","href":"https:\/\/api.w.org\/{rel}","templated":true}]}}