{"id":17462,"date":"2021-12-22T14:52:01","date_gmt":"2021-12-22T14:52:01","guid":{"rendered":"https:\/\/www.frammenti.com\/?post_type=product&#038;p=17462"},"modified":"2023-05-24T09:15:04","modified_gmt":"2023-05-24T09:15:04","slug":"frammenti-calcas-de-corrida-construction","status":"publish","type":"product","link":"https:\/\/www.frammenti.com\/en\/loja\/vestuario\/calcas\/frammenti-calcas-de-corrida-construction\/","title":{"rendered":"Frammenti Construction Jogging Pants"},"content":{"rendered":"<h5 class=\"serp-title\">Frammenti Construction Jogging Pants<\/h5>\n<p>Running shorts with a contrast band at the bottom. Elastic waistband with adjustable drawstrings and side pockets. Side embroidered designs.<\/p>","protected":false},"excerpt":{"rendered":"<p>Frammenti Cal\u00e7as de Corrida Construction Cal\u00e7\u00f5es de corrida com faixa com contraste na parte inferior. C\u00f3s el\u00e1stico com cord\u00f5es ajust\u00e1veis \u200b\u200be bolsos laterais. Desenhos bordados de lado.<\/p>","protected":false},"featured_media":4579,"comment_status":"open","ping_status":"closed","template":"","meta":[],"product_brand":[],"product_cat":[70,17,59,73],"product_tag":[77,78,84,80],"class_list":{"0":"post-17462","1":"product","2":"type-product","3":"status-publish","4":"has-post-thumbnail","6":"product_cat-calcas","7":"product_cat-colaboracao","8":"product_cat-outlet","9":"product_cat-short","10":"product_tag-homem","11":"product_tag-mulher","12":"product_tag-unisexo","13":"product_tag-vestuario","15":"first","16":"outofstock","17":"taxable","18":"shipping-taxable","19":"purchasable","20":"product-type-variable"},"_links":{"self":[{"href":"https:\/\/www.frammenti.com\/en\/wp-json\/wp\/v2\/product\/17462","targetHints":{"allow":["GET"]}}],"collection":[{"href":"https:\/\/www.frammenti.com\/en\/wp-json\/wp\/v2\/product"}],"about":[{"href":"https:\/\/www.frammenti.com\/en\/wp-json\/wp\/v2\/types\/product"}],"replies":[{"embeddable":true,"href":"https:\/\/www.frammenti.com\/en\/wp-json\/wp\/v2\/comments?post=17462"}],"wp:featuredmedia":[{"embeddable":true,"href":"https:\/\/www.frammenti.com\/en\/wp-json\/wp\/v2\/media\/4579"}],"wp:attachment":[{"href":"https:\/\/www.frammenti.com\/en\/wp-json\/wp\/v2\/media?parent=17462"}],"wp:term":[{"taxonomy":"product_brand","embeddable":true,"href":"https:\/\/www.frammenti.com\/en\/wp-json\/wp\/v2\/product_brand?post=17462"},{"taxonomy":"product_cat","embeddable":true,"href":"https:\/\/www.frammenti.com\/en\/wp-json\/wp\/v2\/product_cat?post=17462"},{"taxonomy":"product_tag","embeddable":true,"href":"https:\/\/www.frammenti.com\/en\/wp-json\/wp\/v2\/product_tag?post=17462"}],"curies":[{"name":"wp","href":"https:\/\/api.w.org\/{rel}","templated":true}]}}