{"id":17380,"date":"2021-12-13T13:15:17","date_gmt":"2021-12-13T13:15:17","guid":{"rendered":"https:\/\/www.frammenti.com\/?post_type=product&#038;p=17380"},"modified":"2023-05-24T09:32:53","modified_gmt":"2023-05-24T09:32:53","slug":"bone-bantera-flamingo-de-lado","status":"publish","type":"product","link":"https:\/\/www.frammenti.com\/en\/loja\/acessorios\/bone-bantera-flamingo-de-lado\/","title":{"rendered":"Cap Bantera Flamingo"},"content":{"rendered":"<p>Bantera Flamingo Side Cap<\/p>\n<p>Cap with synthetic leather visor. FRAMMENTI signature embroidered on the front, embroidered design on the side and FRAMMENTI logo on the back. Adjustable strap at the back.<\/p>","protected":false},"excerpt":{"rendered":"<p>Bon\u00e9 Bantera Flamingo de Lado Bon\u00e9 com viseira de couro sint\u00e9tico. Assinatura FRAMMENTI bordada \u00e0 frente, desenho bordado na lateral e log\u00f3tipo FRAMMENTI nas costas. Al\u00e7a ajust\u00e1vel na retaguarda.<\/p>","protected":false},"featured_media":4510,"comment_status":"open","ping_status":"closed","template":"","meta":[],"product_brand":[],"product_cat":[57,61,62,59,113],"product_tag":[79,77,78,84],"class_list":{"0":"post-17380","1":"product","2":"type-product","3":"status-publish","4":"has-post-thumbnail","6":"product_cat-acessorios","7":"product_cat-bones","8":"product_cat-chapeus","9":"product_cat-outlet","10":"product_cat-urban-jungle","11":"product_tag-acessorios","12":"product_tag-homem","13":"product_tag-mulher","14":"product_tag-unisexo","16":"first","17":"outofstock","18":"sale","19":"taxable","20":"shipping-taxable","21":"purchasable","22":"product-type-simple"},"_links":{"self":[{"href":"https:\/\/www.frammenti.com\/en\/wp-json\/wp\/v2\/product\/17380","targetHints":{"allow":["GET"]}}],"collection":[{"href":"https:\/\/www.frammenti.com\/en\/wp-json\/wp\/v2\/product"}],"about":[{"href":"https:\/\/www.frammenti.com\/en\/wp-json\/wp\/v2\/types\/product"}],"replies":[{"embeddable":true,"href":"https:\/\/www.frammenti.com\/en\/wp-json\/wp\/v2\/comments?post=17380"}],"wp:featuredmedia":[{"embeddable":true,"href":"https:\/\/www.frammenti.com\/en\/wp-json\/wp\/v2\/media\/4510"}],"wp:attachment":[{"href":"https:\/\/www.frammenti.com\/en\/wp-json\/wp\/v2\/media?parent=17380"}],"wp:term":[{"taxonomy":"product_brand","embeddable":true,"href":"https:\/\/www.frammenti.com\/en\/wp-json\/wp\/v2\/product_brand?post=17380"},{"taxonomy":"product_cat","embeddable":true,"href":"https:\/\/www.frammenti.com\/en\/wp-json\/wp\/v2\/product_cat?post=17380"},{"taxonomy":"product_tag","embeddable":true,"href":"https:\/\/www.frammenti.com\/en\/wp-json\/wp\/v2\/product_tag?post=17380"}],"curies":[{"name":"wp","href":"https:\/\/api.w.org\/{rel}","templated":true}]}}