{"id":17364,"date":"2021-12-13T12:10:48","date_gmt":"2021-12-13T12:10:48","guid":{"rendered":"https:\/\/www.frammenti.com\/?post_type=product&#038;p=17364"},"modified":"2023-05-24T09:34:43","modified_gmt":"2023-05-24T09:34:43","slug":"mala-magnolia-croco-com-detalhes-preta","status":"publish","type":"product","link":"https:\/\/www.frammenti.com\/en\/loja\/acessorios\/malas\/mala-magnolia-croco-com-detalhes-preta\/","title":{"rendered":"Magnolia Croco Bag with Black Details"},"content":{"rendered":"<p>Magnolia Croco Bag with Black Details<\/p>\n<p>Leather travel bag. Embossed crocodile effect. Straps and metallic buckle detail on the straps. It features a double zip fastening, an adjustable shoulder strap and an interior pocket.<\/p>","protected":false},"excerpt":{"rendered":"<p>Mala Magnolia Croco com Detalhes Preta Mala para viagem em pele. Efeito crocodilo com relevo. Al\u00e7as e detalhe de fivela met\u00e1lica nas al\u00e7as. Possui um fecho de correr duplo, uma al\u00e7a de ombro ajust\u00e1vel e um bolso interior.<\/p>","protected":false},"featured_media":4725,"comment_status":"open","ping_status":"closed","template":"","meta":[],"product_brand":[],"product_cat":[63,57,59,113],"product_tag":[79,77,78,84],"class_list":{"0":"post-17364","1":"product","2":"type-product","3":"status-publish","4":"has-post-thumbnail","6":"product_cat-malas","7":"product_cat-acessorios","8":"product_cat-outlet","9":"product_cat-urban-jungle","10":"product_tag-acessorios","11":"product_tag-homem","12":"product_tag-mulher","13":"product_tag-unisexo","15":"first","16":"outofstock","17":"sale","18":"taxable","19":"shipping-taxable","20":"purchasable","21":"product-type-simple"},"_links":{"self":[{"href":"https:\/\/www.frammenti.com\/en\/wp-json\/wp\/v2\/product\/17364","targetHints":{"allow":["GET"]}}],"collection":[{"href":"https:\/\/www.frammenti.com\/en\/wp-json\/wp\/v2\/product"}],"about":[{"href":"https:\/\/www.frammenti.com\/en\/wp-json\/wp\/v2\/types\/product"}],"replies":[{"embeddable":true,"href":"https:\/\/www.frammenti.com\/en\/wp-json\/wp\/v2\/comments?post=17364"}],"wp:featuredmedia":[{"embeddable":true,"href":"https:\/\/www.frammenti.com\/en\/wp-json\/wp\/v2\/media\/4725"}],"wp:attachment":[{"href":"https:\/\/www.frammenti.com\/en\/wp-json\/wp\/v2\/media?parent=17364"}],"wp:term":[{"taxonomy":"product_brand","embeddable":true,"href":"https:\/\/www.frammenti.com\/en\/wp-json\/wp\/v2\/product_brand?post=17364"},{"taxonomy":"product_cat","embeddable":true,"href":"https:\/\/www.frammenti.com\/en\/wp-json\/wp\/v2\/product_cat?post=17364"},{"taxonomy":"product_tag","embeddable":true,"href":"https:\/\/www.frammenti.com\/en\/wp-json\/wp\/v2\/product_tag?post=17364"}],"curies":[{"name":"wp","href":"https:\/\/api.w.org\/{rel}","templated":true}]}}