{"id":17243,"date":"2021-11-29T14:38:41","date_gmt":"2021-11-29T14:38:41","guid":{"rendered":"https:\/\/www.frammenti.com\/?post_type=product&#038;p=17243"},"modified":"2023-05-24T09:38:17","modified_gmt":"2023-05-24T09:38:17","slug":"frammenti-construction-hoodie","status":"publish","type":"product","link":"https:\/\/www.frammenti.com\/en\/loja\/vestuario\/frammenti-construction-hoodie\/","title":{"rendered":"Framenti Construction Hoodie"},"content":{"rendered":"<p>Framenti Construction Hoodie<\/p>\n<p>Long-sleeved shirt with hood. FRAMMENTI logo embroidered on the front and another embroidered on the back. Kangaroo pockets. Ribbed knit cuffs and hem. Zipper in the armpits that transforms the sweater into a hooded t-shirt. Logo on the hood.<\/p>","protected":false},"excerpt":{"rendered":"<p>Frammenti Construction Hoodie Camisola de mangas compridas com capuz. Log\u00f3tipo FRAMMENTI bordado \u00e0 frente e outro bordado nas costas. Bolsos canguru. Punhos e bainha em malha canelada. Z\u00edper na zona das axilas que transforma a camisola numa t-shirt com capuz. Log\u00f3tipo no capuz.<\/p>","protected":false},"featured_media":2204,"comment_status":"open","ping_status":"closed","template":"","meta":[],"product_brand":[],"product_cat":[58,69,59],"product_tag":[77,78,84,80],"class_list":{"0":"post-17243","1":"product","2":"type-product","3":"status-publish","4":"has-post-thumbnail","6":"product_cat-vestuario","7":"product_cat-hoodies","8":"product_cat-outlet","9":"product_tag-homem","10":"product_tag-mulher","11":"product_tag-unisexo","12":"product_tag-vestuario","14":"first","15":"outofstock","16":"taxable","17":"shipping-taxable","18":"product-type-variable"},"_links":{"self":[{"href":"https:\/\/www.frammenti.com\/en\/wp-json\/wp\/v2\/product\/17243","targetHints":{"allow":["GET"]}}],"collection":[{"href":"https:\/\/www.frammenti.com\/en\/wp-json\/wp\/v2\/product"}],"about":[{"href":"https:\/\/www.frammenti.com\/en\/wp-json\/wp\/v2\/types\/product"}],"replies":[{"embeddable":true,"href":"https:\/\/www.frammenti.com\/en\/wp-json\/wp\/v2\/comments?post=17243"}],"wp:featuredmedia":[{"embeddable":true,"href":"https:\/\/www.frammenti.com\/en\/wp-json\/wp\/v2\/media\/2204"}],"wp:attachment":[{"href":"https:\/\/www.frammenti.com\/en\/wp-json\/wp\/v2\/media?parent=17243"}],"wp:term":[{"taxonomy":"product_brand","embeddable":true,"href":"https:\/\/www.frammenti.com\/en\/wp-json\/wp\/v2\/product_brand?post=17243"},{"taxonomy":"product_cat","embeddable":true,"href":"https:\/\/www.frammenti.com\/en\/wp-json\/wp\/v2\/product_cat?post=17243"},{"taxonomy":"product_tag","embeddable":true,"href":"https:\/\/www.frammenti.com\/en\/wp-json\/wp\/v2\/product_tag?post=17243"}],"curies":[{"name":"wp","href":"https:\/\/api.w.org\/{rel}","templated":true}]}}