{"id":2228,"date":"2021-07-19T23:11:53","date_gmt":"2021-07-19T23:11:53","guid":{"rendered":"https:\/\/www.frammenti.com\/?page_id=2228"},"modified":"2022-03-30T14:52:10","modified_gmt":"2022-03-30T14:52:10","slug":"politica-de-cookies","status":"publish","type":"page","link":"https:\/\/www.frammenti.com\/en\/politica-de-cookies\/","title":{"rendered":"Cookies Policy"},"content":{"rendered":"<h2><b>Cookies Policy<\/b><\/h2>\n<p>Cookies are text files that collect data from users and are automatically downloaded by the browser when the user enters the website. These files are used by the website to collect data and improve the user experience.<\/p>\n<p>Cookies may remain on a computer or mobile device for different periods. Cookies will not store personal data that identifies the user.<\/p>\n<p>The way cookies work depends on the partner tool, which is responsible for installing them. FRAMMENTI is committed to using partner tools that respect the privacy of users. However, the company cannot be held responsible for failures, errors, or technical problems of the partners.<\/p>\n<p><strong>\u00a0<\/strong><\/p>\n<ol>\n<li><strong>Link to third-party websites<\/strong><\/li>\n<\/ol>\n<p>1.1 The website contains links to other external websites, which may have useful information for the user. The current Privacy Policy does not apply to third party websites. FRAMMENTI is not responsible for the content of other websites.<\/p>\n<p><strong>\u00a0 \u00a0 2. Information on the website<\/strong><\/p>\n<p>2.1. FRAMMENTI strives to ensure that the information on the website and customer support is as accurate as possible.<\/p>\n<p>2.2. While FRAMMENTI endeavors to ensure that all descriptions, photos, graphic representations of products are accurate, we do not warrant that all materials are error-free. Errors may result from inaccuracies of information, omissions, overruns, or any other reason.<\/p>\n<p><strong>\u00a0 \u00a03. Data access and changes<\/strong><\/p>\n<p>3.1. All users have the right to request access, correction, or deletion of their data. The right can be used at any time, in accordance with the applicable Data Protection Law.<\/p>\n<p>3.2. To update the data, the data holder must contact FRAMMENTI by e-mail, sending a message to info@framenti.com.<\/p>\n\n<h3>7. <b>How can I change my preferences?<\/b><\/h3>\n<ul>\n<li> At the beginning of your navigation, in addition to Basic and Essential Cookies, you will have the opportunity to choose whether Frammenti&#039;s digital platforms can use the remaining cookies relating to the providers (third parties): personalization cookies; social cookies; accurate geolocation and identification data through device search; personalized ads and content, ad and content measurement, audience perspectives and product development; storing and\/or accessing information on a device. Frammenti may inform third parties, who place cookies on Frammenti&#039;s digital platforms, of user preferences. de Frammenti undertakes, except for technical errors or other unforeseen exceptional circumstances, to upload only the preferences defined and consented to by the user.<\/li>\n<\/ul>\n<p>At the beginning of browsing Frammenti&#039;s digital platforms, before opting for the various types of cookies, the basic and essential cookies will always be activated.<\/p>\n<p>You can use Cookie Settings Management at any time to change your consent.<\/p>\n<h3>8.<b> Can I disable the use of cookies?<\/b><\/h3>\n<p>Apesar de os cookies auxiliarem o utilizador a tirar o m\u00e1ximo proveito das plataformas digitais de Frammenti, o utilizador pode optar por desativar os cookies que fazem parte das Funcionalidades Avan\u00e7adas, como os Cookies de Personaliza\u00e7\u00e3o; Cookies Sociais, Dados de Geolocaliza\u00e7\u00e3o Precisos e de Identifica\u00e7\u00e3o Atrav\u00e9s da Procura de Dispositivos; An\u00fancios e Conte\u00fados Personalizados, Medi\u00e7\u00e3o de An\u00fancios e Conte\u00fados, Perspectivas Sobre o P\u00fablico e Desenvolvimento de Produtos; Armazenamento e\/ou Acesso a Informa\u00e7\u00f5es num Dispositivo, que se encontrem no seu navegador da Internet, atrav\u00e9s da respectiva ferramenta de gest\u00e3o das configura\u00e7\u00f5es &#8211; &#8220;Gest\u00e3o das Defini\u00e7\u00f5es de Cookies&#8221; no &#8220;rodap\u00e9&#8221; das plataformas digitais de Frammenti.<\/p>\n<p>However, by disabling cookies, Frammenti&#039;s digital platforms will perform differently, with a lower level of service quality.<\/p>\n<p>If you choose to remove the cookies that are part of the Advanced Features placed on our digital platforms, you run the risk of disabling certain services and features.<\/p>\n<p>Alertamos ainda para a configura\u00e7\u00e3o no \u00e2mbito de &#8220;Interesses Leg\u00edtimos&#8221; que completa a decis\u00e3o do utilizador quanto ao seu consentimento. Dever\u00e3o ser consultados, para poder rejeitar, se assim o entenderem, em &#8220;Finalidade(s) de Interesse(s) Leg\u00edtimo(s)&#8221; e &#8220;Fornecedores&#8221;, individualmente ou em bloco. Para modificar as suas defini\u00e7\u00f5es ou desativar a utiliza\u00e7\u00e3o de cookies, quaisquer que eles sejam e independentemente da sua origem, pode, tamb\u00e9m, seguir as instru\u00e7\u00f5es fornecidas no seu navegador de internet ou dispositivo (normalmente, localizadas em \u00abDefini\u00e7\u00f5es\u00bb ou \u00abPrefer\u00eancias\u00bb).<\/p>\n<p>Below, we list some useful links from Internet browsers:<\/p>\n<p><b>Microsoft Edge<\/b><\/p>\n<p><a href=\"https:\/\/privacy.microsoft.com\/en-us\/windows-10-microsoft-edge-and-privacy\" target=\"_blank\" rel=\"noopener\">https:\/\/privacy.microsoft.com\/en-us\/windows-10-microsoft-edge-and-privacy<\/a><\/p>\n<p><b>Microsoft Internet Explorer<\/b><\/p>\n<p><a href=\"https:\/\/support.microsoft.com\/en-us\/help\/278835\/how-to-delete-cookie-files-in-internet-explorer\" target=\"_blank\" rel=\"noopener\">https:\/\/support.microsoft.com\/en-us\/help\/278835\/how-to-delete-cookie-files-in-internet-explorer<\/a><\/p>\n<p><b>Mozilla Firefox<\/b><\/p>\n<p><a href=\"https:\/\/support.mozilla.org\/en-US\/kb\/enable-and-disable-cookies-website-preferences\" target=\"_blank\" rel=\"noopener\">https:\/\/support.mozilla.org\/en-US\/kb\/enable-and-disable-cookies-website-preferences<\/a><\/p>\n<p><b>Google Chrome<\/b><\/p>\n<p><a href=\"https:\/\/support.google.com\/chrome\/answer\/95647\" target=\"_blank\" rel=\"noopener\">https:\/\/support.google.com\/chrome\/answer\/95647<\/a><\/p>\n<p><b>Apple Safari<\/b><\/p>\n<p><a href=\"https:\/\/support.apple.com\/en-us\/HT201265\" target=\"_blank\" rel=\"noopener\">https:\/\/support.apple.com\/en-us\/HT201265<\/a><\/p>\n<p><b>Opera<\/b><\/p>\n<p><a href=\"https:\/\/www.opera.com\/help\/tutorials\/security\/privacy\/\" target=\"_blank\" rel=\"noopener\">https:\/\/www.opera.com\/help\/tutorials\/security\/privacy\/<\/a><\/p>\n<p>&nbsp;<\/p>\n<p><strong>Last update: March 2022<\/strong><\/p>","protected":false},"excerpt":{"rendered":"<p>Pol\u00edtica de cookies Os cookies s\u00e3o ficheiros de texto que recolhem dados dos utilizadores e que s\u00e3o descarregados automaticamente pelo navegador quando o utilizador entra no website. Estes ficheiros s\u00e3o utilizados pelo s\u00edtio web para recolher dados e melhorar a experi\u00eancia do utilizador. Os cookies podem permanecer num computador ou dispositivo m\u00f3vel durante diferentes per\u00edodos.&hellip;<\/p>","protected":false},"author":1,"featured_media":0,"parent":0,"menu_order":0,"comment_status":"closed","ping_status":"closed","template":"","meta":{"footnotes":""},"class_list":["post-2228","page","type-page","status-publish","hentry"],"_links":{"self":[{"href":"https:\/\/www.frammenti.com\/en\/wp-json\/wp\/v2\/pages\/2228","targetHints":{"allow":["GET"]}}],"collection":[{"href":"https:\/\/www.frammenti.com\/en\/wp-json\/wp\/v2\/pages"}],"about":[{"href":"https:\/\/www.frammenti.com\/en\/wp-json\/wp\/v2\/types\/page"}],"author":[{"embeddable":true,"href":"https:\/\/www.frammenti.com\/en\/wp-json\/wp\/v2\/users\/1"}],"replies":[{"embeddable":true,"href":"https:\/\/www.frammenti.com\/en\/wp-json\/wp\/v2\/comments?post=2228"}],"version-history":[{"count":2,"href":"https:\/\/www.frammenti.com\/en\/wp-json\/wp\/v2\/pages\/2228\/revisions"}],"predecessor-version":[{"id":18281,"href":"https:\/\/www.frammenti.com\/en\/wp-json\/wp\/v2\/pages\/2228\/revisions\/18281"}],"wp:attachment":[{"href":"https:\/\/www.frammenti.com\/en\/wp-json\/wp\/v2\/media?parent=2228"}],"curies":[{"name":"wp","href":"https:\/\/api.w.org\/{rel}","templated":true}]}}