{"id":2226,"date":"2021-07-19T23:11:15","date_gmt":"2021-07-19T23:11:15","guid":{"rendered":"https:\/\/www.frammenti.com\/?page_id=2226"},"modified":"2022-04-26T16:34:08","modified_gmt":"2022-04-26T16:34:08","slug":"magazine","status":"publish","type":"page","link":"https:\/\/www.frammenti.com\/en\/magazine\/","title":{"rendered":"Magazine"},"content":{"rendered":"<meta itemscope itemprop=\"mainEntityOfPage\" itemtype=\"https:\/\/schema.org\/WebPage\" itemid=\"https:\/\/www.frammenti.com\/nova-colecao-capsula-tribe\/\" content=\"Nova cole\u00e7\u00e3o c\u00e1psula &#8220;TRIBE&#8221;\" \/><meta itemprop=\"datePublished\" content=\"2022-04-08\" \/><meta itemprop=\"dateModified\" content=\"2022-04-08\" \/><meta itemprop=\"name\" content=\"frammenti\"\/><meta itemprop=\"url\" content=\"https:\/\/www.frammenti.com\/author\/bernardoadm\/\" \/><meta itemprop=\"name\" content=\"Bernardo\" \/><meta itemprop=\"url\" content=\"https:\/\/www.frammenti.com\/wp-content\/uploads\/2022\/04\/Look-1-928-1.jpg\" \/><meta itemprop=\"width\" content=\"1920\" \/><meta itemprop=\"height\" content=\"1000\" \/><meta itemprop=\"interactionType\" content=\"https:\/\/schema.org\/CommentAction\" \/><meta itemprop=\"userInteractionCount\" content=\"0\" \/>\n\t\t\t\t\t<a href=\"https:\/\/www.frammenti.com\/en\/nova-colecao-capsula-tribe\/\" title=\"New capsule collection \u201cTRIBE\u201d\"><\/a>\n\t\t\t\t<img loading=\"lazy\" decoding=\"async\" src=\"https:\/\/www.frammenti.com\/wp-content\/uploads\/bb-plugin\/cache\/Look-1-928-1-400x400-square.jpg\" alt=\"Look 1 928 1\" itemprop=\"image\" data-no-lazy=\"1\" height=\"400\" width=\"400\" title=\"Look 1 928 1\" onerror=\"this.style.display='none'\"  \/>\n\t\t\t\t\t\t\t\t\t<h3 itemprop=\"headline\">\n\t\t\t\t\t\t\t\t\t\t\t\t\t\tNew capsule collection \u201cTRIBE\u201d\t\t\t\t\t\t\t\t\t\t\t<\/h3>\n    <p>Frammenti launched its capsule collection at an event with many public figures. and Portuguese and Angolan cultures. The capsule collection, by Hern\u00e2ni Santino, was inspired by\u2026<\/p>\n\t<meta itemscope itemprop=\"mainEntityOfPage\" itemtype=\"https:\/\/schema.org\/WebPage\" itemid=\"https:\/\/www.frammenti.com\/frammenti-x-portugal-fashion\/\" content=\"FRAMMENTI\u00ae x PORTUGAL FASHION\" \/><meta itemprop=\"datePublished\" content=\"2021-12-14\" \/><meta itemprop=\"dateModified\" content=\"2021-12-14\" \/><meta itemprop=\"name\" content=\"frammenti\"\/><meta itemprop=\"url\" content=\"https:\/\/www.frammenti.com\/author\/simonebarbosa\/\" \/><meta itemprop=\"name\" content=\"simonebarbosa\" \/><meta itemprop=\"url\" content=\"https:\/\/www.frammenti.com\/wp-content\/uploads\/2021\/12\/image003.webp\" \/><meta itemprop=\"width\" content=\"1068\" \/><meta itemprop=\"height\" content=\"800\" \/><meta itemprop=\"interactionType\" content=\"https:\/\/schema.org\/CommentAction\" \/><meta itemprop=\"userInteractionCount\" content=\"0\" \/>\n\t\t\t\t\t<a href=\"https:\/\/www.frammenti.com\/en\/frammenti-x-portugal-fashion\/\" title=\"FRAMMENTI\u00ae x PORTUGAL FASHION\"><\/a>\n\t\t\t\t<img loading=\"lazy\" decoding=\"async\" src=\"https:\/\/www.frammenti.com\/wp-content\/uploads\/bb-plugin\/cache\/image003-400x400-square.webp\" alt=\"image003\" itemprop=\"image\" data-no-lazy=\"1\" height=\"400\" width=\"400\" title=\"image003\" onerror=\"this.style.display='none'\"  \/>\n\t\t\t\t\t\t\t\t\t<h3 itemprop=\"headline\">\n\t\t\t\t\t\t\t\t\t\t\t\t\t\tFRAMMENTI\u00ae x PORTUGAL FASHION\t\t\t\t\t\t\t\t\t\t\t<\/h3>\n    <p>FRAMMENTI\u00ae will be at the 47th edition of PORTUGAL FASHION, in Oporto (Portugal), presenting the entire Urban Jungle and FF CLASSICS collection. Despite all the adversities and reduced public, due to the COVID pandemic19, the event was valuable and above all, gratifying for the positive feedback which Frammenti collection received from the public, partners and colleagues\u2026<\/p>\n\t<meta itemscope itemprop=\"mainEntityOfPage\" itemtype=\"https:\/\/schema.org\/WebPage\" itemid=\"https:\/\/www.frammenti.com\/frammenti-pop-up-store-luanda\/\" content=\"FRAMMENTI\u00ae POP UP STORE LUANDA\" \/><meta itemprop=\"datePublished\" content=\"2021-12-14\" \/><meta itemprop=\"dateModified\" content=\"2021-12-14\" \/><meta itemprop=\"name\" content=\"frammenti\"\/><meta itemprop=\"url\" content=\"https:\/\/www.frammenti.com\/author\/simonebarbosa\/\" \/><meta itemprop=\"name\" content=\"simonebarbosa\" \/><meta itemprop=\"url\" content=\"https:\/\/www.frammenti.com\/wp-content\/uploads\/2021\/12\/image002.webp\" \/><meta itemprop=\"width\" content=\"1620\" \/><meta itemprop=\"height\" content=\"1080\" \/><meta itemprop=\"interactionType\" content=\"https:\/\/schema.org\/CommentAction\" \/><meta itemprop=\"userInteractionCount\" content=\"0\" \/>\n\t\t\t\t\t<a href=\"https:\/\/www.frammenti.com\/en\/frammenti-pop-up-store-luanda\/\" title=\"FRAMMENTI\u00ae POP UP STORE LUANDA\"><\/a>\n\t\t\t\t<img loading=\"lazy\" decoding=\"async\" src=\"https:\/\/www.frammenti.com\/wp-content\/uploads\/bb-plugin\/cache\/image002-400x400-square.webp\" alt=\"image002\" itemprop=\"image\" data-no-lazy=\"1\" height=\"400\" width=\"400\" title=\"image002\" onerror=\"this.style.display='none'\"  \/>\n\t\t\t\t\t\t\t\t\t<h3 itemprop=\"headline\">\n\t\t\t\t\t\t\t\t\t\t\t\t\t\tFRAMMENTI\u00ae POP UP STORE LUANDA\t\t\t\t\t\t\t\t\t\t\t<\/h3>\n    <p>FRAMMENTI, 100% Angolan Art Fashion, has just launched www.framenti.ao an e-commerce platform, where purchases can be made in Angola local currency. In addition to its strengthened presence in the digital universe, FRAMMENTI opened this month, a Pop-Up Store at the brand new Shopping Fortaleza, the first of the brand internationalization, where it is possible to\u2026<\/p>\n\t<meta itemscope itemprop=\"mainEntityOfPage\" itemtype=\"https:\/\/schema.org\/WebPage\" itemid=\"https:\/\/www.frammenti.com\/frammenti-team\/\" content=\"FRAMMENTI\u00ae TEAM\" \/><meta itemprop=\"datePublished\" content=\"2021-12-14\" \/><meta itemprop=\"dateModified\" content=\"2021-12-14\" \/><meta itemprop=\"name\" content=\"frammenti\"\/><meta itemprop=\"url\" content=\"https:\/\/www.frammenti.com\/author\/simonebarbosa\/\" \/><meta itemprop=\"name\" content=\"simonebarbosa\" \/><meta itemprop=\"url\" content=\"https:\/\/www.frammenti.com\/wp-content\/uploads\/2021\/12\/image001.webp\" \/><meta itemprop=\"width\" content=\"617\" \/><meta itemprop=\"height\" content=\"1080\" \/><meta itemprop=\"interactionType\" content=\"https:\/\/schema.org\/CommentAction\" \/><meta itemprop=\"userInteractionCount\" content=\"0\" \/>\n\t\t\t\t\t<a href=\"https:\/\/www.frammenti.com\/en\/frammenti-team\/\" title=\"FRAMMENTI\u00ae TEAM\"><\/a>\n\t\t\t\t<img loading=\"lazy\" decoding=\"async\" src=\"https:\/\/www.frammenti.com\/wp-content\/uploads\/bb-plugin\/cache\/image001-400x400-square.webp\" alt=\"image001\" itemprop=\"image\" data-no-lazy=\"1\" height=\"400\" width=\"400\" title=\"image001\" onerror=\"this.style.display='none'\"  \/>\n\t\t\t\t\t\t\t\t\t<h3 itemprop=\"headline\">\n\t\t\t\t\t\t\t\t\t\t\t\t\t\tFRAMMENTI\u00ae TEAM\t\t\t\t\t\t\t\t\t\t\t<\/h3>\n    <p>Nos pr\u00f3ximos dias 24 e 25 de julho, no Aut\u00f3dromo Internacional do Algarve, realiza-se a 3\u00aa prova do campeonato nacional de velocidade. A Frammenti Racing Team, que lidera a competi\u00e7\u00e3o, na sua categoria, estar\u00e1 presente. Victor Barros um dos pilotos da equipa promete que &#8221; vamos continuar a lutar para que tudo assim se mantenha&#8221;&hellip;<\/p>\n\t\t<!-- .pp-content-posts -->\n\t<meta itemscope itemprop=\"mainEntityOfPage\" itemtype=\"https:\/\/schema.org\/WebPage\" itemid=\"https:\/\/www.frammenti.com\/loja\/acessorios\/malas\/mala-aurora-croco-detalhe-grande\/\" content=\"Mala Aurora Croco Detalhe Grande\" \/><meta itemprop=\"datePublished\" content=\"2021-12-13\" \/><meta itemprop=\"dateModified\" content=\"2022-04-06\" \/><meta itemprop=\"name\" content=\"frammenti\"\/><meta itemprop=\"url\" content=\"https:\/\/www.frammenti.com\/author\/simonebarbosa\/\" \/><meta itemprop=\"name\" content=\"simonebarbosa\" \/><meta itemprop=\"url\" content=\"https:\/\/www.frammenti.com\/wp-content\/uploads\/2020\/07\/Frammenti-Aurora-Croco-Detail-Large-All-Master-1.jpg\" \/><meta itemprop=\"width\" content=\"1400\" \/><meta itemprop=\"height\" content=\"1140\" \/><meta itemprop=\"interactionType\" content=\"https:\/\/schema.org\/CommentAction\" \/><meta itemprop=\"userInteractionCount\" content=\"0\" \/>\t\n\t\t\t<a href=\"https:\/\/www.frammenti.com\/en\/loja\/acessorios\/malas\/mala-aurora-croco-detalhe-grande\/\" title=\"Aurora Croco Large Detail Bag\"><\/a>\n\t\t\t\t<img loading=\"lazy\" decoding=\"async\" src=\"https:\/\/www.frammenti.com\/wp-content\/uploads\/bb-plugin\/cache\/Frammenti-Aurora-Croco-Detail-Large-All-Master-1-square.jpg\" alt=\"Frammenti-Aurora-Croco-Detail-Large-All-Master-1\" itemprop=\"image\" data-no-lazy=\"1\" height=\"1140\" width=\"1400\" title=\"Frammenti-Aurora-Croco-Detail-Large-All-Master-1\" onerror=\"this.style.display='none'\"  \/>\n\t\t\t\t\t\t\t<h3 itemprop=\"headline\">\n\t\t\t\t\t\t\t\t\t\t\tAurora Croco Large Detail Bag\t\t\t\t\t\t\t\t\t<\/h3>\n            \n\t<del aria-hidden=\"true\"><bdi>203,00&euro;<\/bdi><\/del> <ins><bdi>\u20ac100.00<\/bdi><\/ins>\n        \n\t<meta itemscope itemprop=\"mainEntityOfPage\" itemtype=\"https:\/\/schema.org\/WebPage\" itemid=\"https:\/\/www.frammenti.com\/loja\/vestuario\/t-shirt\/bantera-flamingo-t-shirt\/\" content=\"Bantera Flamingo T-Shirt\" \/><meta itemprop=\"datePublished\" content=\"2021-12-22\" \/><meta itemprop=\"dateModified\" content=\"2022-03-31\" \/><meta itemprop=\"name\" content=\"frammenti\"\/><meta itemprop=\"url\" content=\"https:\/\/www.frammenti.com\/author\/simonebarbosa\/\" \/><meta itemprop=\"name\" content=\"simonebarbosa\" \/><meta itemprop=\"url\" content=\"https:\/\/www.frammenti.com\/wp-content\/uploads\/2020\/07\/Frammenti-Bantera-Flamingo-T-Shirt-Female-White-2.jpg\" \/><meta itemprop=\"width\" content=\"1140\" \/><meta itemprop=\"height\" content=\"1400\" \/><meta itemprop=\"interactionType\" content=\"https:\/\/schema.org\/CommentAction\" \/><meta itemprop=\"userInteractionCount\" content=\"0\" \/>\t\n\t\t\t<a href=\"https:\/\/www.frammenti.com\/en\/loja\/vestuario\/t-shirt\/bantera-flamingo-t-shirt\/\" title=\"Bantera Flamingo T-Shirt\"><\/a>\n\t\t\t\t<img loading=\"lazy\" decoding=\"async\" src=\"https:\/\/www.frammenti.com\/wp-content\/uploads\/bb-plugin\/cache\/Frammenti-Bantera-Flamingo-T-Shirt-Female-White-2-square.jpg\" alt=\"Frammenti-Bantera-Flamingo-T-Shirt-Female-White-2\" itemprop=\"image\" data-no-lazy=\"1\" height=\"1400\" width=\"1140\" title=\"Frammenti-Bantera-Flamingo-T-Shirt-Female-White-2\" onerror=\"this.style.display='none'\"  \/>\n\t\t\t\t\t\t\t<h3 itemprop=\"headline\">\n\t\t\t\t\t\t\t\t\t\t\tBantera Flamingo T-Shirt\t\t\t\t\t\t\t\t\t<\/h3>\n            \n\t<meta itemscope itemprop=\"mainEntityOfPage\" itemtype=\"https:\/\/schema.org\/WebPage\" itemid=\"https:\/\/www.frammenti.com\/loja\/acessorios\/malas\/magnolia-full-croco-black\/\" content=\"Mala Magnolia Total Croco Preta\" \/><meta itemprop=\"datePublished\" content=\"2021-12-13\" \/><meta itemprop=\"dateModified\" content=\"2022-04-06\" \/><meta itemprop=\"name\" content=\"frammenti\"\/><meta itemprop=\"url\" content=\"https:\/\/www.frammenti.com\/author\/simonebarbosa\/\" \/><meta itemprop=\"name\" content=\"simonebarbosa\" \/><meta itemprop=\"url\" content=\"https:\/\/www.frammenti.com\/wp-content\/uploads\/2020\/07\/Frammenti-Magnolia-Travel-Bag-Full-Croco-All-Master-1.jpg\" \/><meta itemprop=\"width\" content=\"1400\" \/><meta itemprop=\"height\" content=\"1140\" \/><meta itemprop=\"interactionType\" content=\"https:\/\/schema.org\/CommentAction\" \/><meta itemprop=\"userInteractionCount\" content=\"0\" \/>\t\n\t\t\t<a href=\"https:\/\/www.frammenti.com\/en\/loja\/acessorios\/malas\/magnolia-full-croco-black\/\" title=\"Total Croco Magnolia Bag Black\"><\/a>\n\t\t\t\t<img loading=\"lazy\" decoding=\"async\" src=\"https:\/\/www.frammenti.com\/wp-content\/uploads\/bb-plugin\/cache\/Frammenti-Magnolia-Travel-Bag-Full-Croco-All-Master-1-square.jpg\" alt=\"Frammenti-Magnolia-Travel-Bag-Full-Croco-All-Master-1\" itemprop=\"image\" data-no-lazy=\"1\" height=\"1140\" width=\"1400\" title=\"Frammenti-Magnolia-Travel-Bag-Full-Croco-All-Master-1\" onerror=\"this.style.display='none'\"  \/>\n\t\t\t\t\t\t\t<h3 itemprop=\"headline\">\n\t\t\t\t\t\t\t\t\t\t\tTotal Croco Magnolia Bag Black\t\t\t\t\t\t\t\t\t<\/h3>\n            \n\t<del aria-hidden=\"true\"><bdi>\u20ac609.00<\/bdi><\/del> <ins><bdi>\u20ac305.00<\/bdi><\/ins>\n        \n\t<meta itemscope itemprop=\"mainEntityOfPage\" itemtype=\"https:\/\/schema.org\/WebPage\" itemid=\"https:\/\/www.frammenti.com\/loja\/acessorios\/bones\/bone-ff-logotipo-salpicado\/\" content=\"Bon\u00e9 FF Log\u00f3tipo Salpicado\" \/><meta itemprop=\"datePublished\" content=\"2021-12-22\" \/><meta itemprop=\"dateModified\" content=\"2022-04-20\" \/><meta itemprop=\"name\" content=\"frammenti\"\/><meta itemprop=\"url\" content=\"https:\/\/www.frammenti.com\/author\/simonebarbosa\/\" \/><meta itemprop=\"name\" content=\"simonebarbosa\" \/><meta itemprop=\"url\" content=\"https:\/\/www.frammenti.com\/wp-content\/uploads\/2020\/07\/Frammenti-FF-Logo-Tie-Dye-Cap-All-Master-1.jpg\" \/><meta itemprop=\"width\" content=\"1140\" \/><meta itemprop=\"height\" content=\"1400\" \/><meta itemprop=\"interactionType\" content=\"https:\/\/schema.org\/CommentAction\" \/><meta itemprop=\"userInteractionCount\" content=\"0\" \/>\t\n\t\t\t<a href=\"https:\/\/www.frammenti.com\/en\/loja\/acessorios\/bones\/bone-ff-logotipo-salpicado\/\" title=\"FF logo speckled cap\"><\/a>\n\t\t\t\t<img loading=\"lazy\" decoding=\"async\" src=\"https:\/\/www.frammenti.com\/wp-content\/uploads\/bb-plugin\/cache\/Frammenti-FF-Logo-Tie-Dye-Cap-All-Master-1-square.jpg\" alt=\"Frammenti-FF-Logo-Tie-Dye-Cap-All-Master-1\" itemprop=\"image\" data-no-lazy=\"1\" height=\"1400\" width=\"1140\" title=\"Frammenti-FF-Logo-Tie-Dye-Cap-All-Master-1\" onerror=\"this.style.display='none'\"  \/>\n\t\t\t\t\t\t\t<h3 itemprop=\"headline\">\n\t\t\t\t\t\t\t\t\t\t\tFF logo speckled cap\t\t\t\t\t\t\t\t\t<\/h3>\n            \n\t<bdi>45,00&euro;<\/bdi>\n        \n\t<meta itemscope itemprop=\"mainEntityOfPage\" itemtype=\"https:\/\/schema.org\/WebPage\" itemid=\"https:\/\/www.frammenti.com\/loja\/vestuario\/short\/bantera-calcoes-de-corrida-flamingo-de-lado\/\" content=\"Bantera Cal\u00e7\u00f5es de Corrida Flamingo de Lado\" \/><meta itemprop=\"datePublished\" content=\"2021-12-22\" \/><meta itemprop=\"dateModified\" content=\"2022-04-11\" \/><meta itemprop=\"name\" content=\"frammenti\"\/><meta itemprop=\"url\" content=\"https:\/\/www.frammenti.com\/author\/simonebarbosa\/\" \/><meta itemprop=\"name\" content=\"simonebarbosa\" \/><meta itemprop=\"url\" content=\"https:\/\/www.frammenti.com\/wp-content\/uploads\/2020\/07\/Frammenti-Flamingo-Jogger-Shorts-Male-Master-1.jpg\" \/><meta itemprop=\"width\" content=\"1140\" \/><meta itemprop=\"height\" content=\"1400\" \/><meta itemprop=\"interactionType\" content=\"https:\/\/schema.org\/CommentAction\" \/><meta itemprop=\"userInteractionCount\" content=\"0\" \/>\t\n\t\t\t<a href=\"https:\/\/www.frammenti.com\/en\/loja\/vestuario\/short\/bantera-calcoes-de-corrida-flamingo-de-lado\/\" title=\"Bantera Side Flamingo Running Shorts\"><\/a>\n\t\t\t\t<img loading=\"lazy\" decoding=\"async\" src=\"https:\/\/www.frammenti.com\/wp-content\/uploads\/bb-plugin\/cache\/Frammenti-Flamingo-Jogger-Shorts-Male-Master-1-square.jpg\" alt=\"Frammenti-Flamingo-Jogger-Shorts-Male-Master-1\" itemprop=\"image\" data-no-lazy=\"1\" height=\"1400\" width=\"1140\" title=\"Frammenti-Flamingo-Jogger-Shorts-Male-Master-1\" onerror=\"this.style.display='none'\"  \/>\n\t\t\t\t\t\t\t<h3 itemprop=\"headline\">\n\t\t\t\t\t\t\t\t\t\t\tBantera Side Flamingo Running Shorts\t\t\t\t\t\t\t\t\t<\/h3>\n            \n\t<bdi>\u20ac149.00<\/bdi>\n        \n\t<meta itemscope itemprop=\"mainEntityOfPage\" itemtype=\"https:\/\/schema.org\/WebPage\" itemid=\"https:\/\/www.frammenti.com\/loja\/colaboracao\/tribe\/women-sports-top-tribe\/\" content=\"Women Sports Top Tribe\" \/><meta itemprop=\"datePublished\" content=\"2022-03-21\" \/><meta itemprop=\"dateModified\" content=\"2022-04-20\" \/><meta itemprop=\"name\" content=\"frammenti\"\/><meta itemprop=\"url\" content=\"https:\/\/www.frammenti.com\/author\/bernardoadm\/\" \/><meta itemprop=\"name\" content=\"Bernardo\" \/><meta itemprop=\"url\" content=\"https:\/\/www.frammenti.com\/wp-content\/uploads\/2022\/03\/Produto-85.jpg\" \/><meta itemprop=\"width\" content=\"1400\" \/><meta itemprop=\"height\" content=\"1400\" \/><meta itemprop=\"interactionType\" content=\"https:\/\/schema.org\/CommentAction\" \/><meta itemprop=\"userInteractionCount\" content=\"0\" \/>\t\n\t\t\t<a href=\"https:\/\/www.frammenti.com\/en\/loja\/colaboracao\/tribe\/women-sports-top-tribe\/\" title=\"Women Sports Top Tribe\"><\/a>\n\t\t\t\t<img loading=\"lazy\" decoding=\"async\" src=\"https:\/\/www.frammenti.com\/wp-content\/uploads\/bb-plugin\/cache\/Produto-85-square.jpg\" alt=\"Produto 85\" itemprop=\"image\" data-no-lazy=\"1\" height=\"1400\" width=\"1400\" title=\"Product 85\" onerror=\"this.style.display='none'\"  \/>\n\t\t\t\t\t\t\t<h3 itemprop=\"headline\">\n\t\t\t\t\t\t\t\t\t\t\tWomen Sports Top Tribe\t\t\t\t\t\t\t\t\t<\/h3>\n            \n\t<bdi>\u20ac40.00<\/bdi>\n        \n\t<meta itemscope itemprop=\"mainEntityOfPage\" itemtype=\"https:\/\/schema.org\/WebPage\" itemid=\"https:\/\/www.frammenti.com\/loja\/vestuario\/t-shirt\/ff-logo-t-shirt\/\" content=\"FF Logo T-Shirt\" \/><meta itemprop=\"datePublished\" content=\"2021-12-22\" \/><meta itemprop=\"dateModified\" content=\"2022-04-26\" \/><meta itemprop=\"name\" content=\"frammenti\"\/><meta itemprop=\"url\" content=\"https:\/\/www.frammenti.com\/author\/simonebarbosa\/\" \/><meta itemprop=\"name\" content=\"simonebarbosa\" \/><meta itemprop=\"url\" content=\"https:\/\/www.frammenti.com\/wp-content\/uploads\/2020\/07\/Frammenti-FF-Logo-Tshirt-Male-BlackGreen-2.jpg\" \/><meta itemprop=\"width\" content=\"1140\" \/><meta itemprop=\"height\" content=\"1400\" \/><meta itemprop=\"interactionType\" content=\"https:\/\/schema.org\/CommentAction\" \/><meta itemprop=\"userInteractionCount\" content=\"0\" \/>\t\n\t\t\t<a href=\"https:\/\/www.frammenti.com\/en\/loja\/vestuario\/t-shirt\/ff-logo-t-shirt\/\" title=\"FF Logo T-Shirt\"><\/a>\n\t\t\t\t<img loading=\"lazy\" decoding=\"async\" src=\"https:\/\/www.frammenti.com\/wp-content\/uploads\/bb-plugin\/cache\/Frammenti-FF-Logo-Tshirt-Male-BlackGreen-2-square.jpg\" alt=\"Frammenti-FF-Logo-Tshirt-Male-BlackGreen-2\" itemprop=\"image\" data-no-lazy=\"1\" height=\"1400\" width=\"1140\" title=\"Frammenti-FF-Logo-Tshirt-Male-BlackGreen-2\" onerror=\"this.style.display='none'\"  \/>\n\t\t\t\t\t\t\t<h3 itemprop=\"headline\">\n\t\t\t\t\t\t\t\t\t\t\tFF Logo T-Shirt\t\t\t\t\t\t\t\t\t<\/h3>\n            \n\t<del aria-hidden=\"true\"><bdi>55,00&euro;<\/bdi><\/del> <ins><bdi>28,00&euro;<\/bdi><\/ins>\n        \n\t<meta itemscope itemprop=\"mainEntityOfPage\" itemtype=\"https:\/\/schema.org\/WebPage\" itemid=\"https:\/\/www.frammenti.com\/loja\/acessorios\/bandana-tribe\/\" content=\"Bandana Tribe\" \/><meta itemprop=\"datePublished\" content=\"2022-03-21\" \/><meta itemprop=\"dateModified\" content=\"2022-04-20\" \/><meta itemprop=\"name\" content=\"frammenti\"\/><meta itemprop=\"url\" content=\"https:\/\/www.frammenti.com\/author\/bernardoadm\/\" \/><meta itemprop=\"name\" content=\"Bernardo\" \/><meta itemprop=\"url\" content=\"https:\/\/www.frammenti.com\/wp-content\/uploads\/2022\/03\/Bandana-Tribe-ACS002.YEBU_.jpg\" \/><meta itemprop=\"width\" content=\"1400\" \/><meta itemprop=\"height\" content=\"1400\" \/><meta itemprop=\"interactionType\" content=\"https:\/\/schema.org\/CommentAction\" \/><meta itemprop=\"userInteractionCount\" content=\"0\" \/>\t\n\t\t\t<a href=\"https:\/\/www.frammenti.com\/en\/loja\/acessorios\/bandana-tribe\/\" title=\"Bandana Tribe\"><\/a>\n\t\t\t\t<img loading=\"lazy\" decoding=\"async\" src=\"https:\/\/www.frammenti.com\/wp-content\/uploads\/bb-plugin\/cache\/Bandana-Tribe-ACS002.YEBU_-square.jpg\" alt=\"Bandana Tribe - ACS002.YEBU\" itemprop=\"image\" data-no-lazy=\"1\" height=\"1400\" width=\"1400\" title=\"Bandana Tribe - ACS002.YEBU\" onerror=\"this.style.display='none'\"  \/>\n\t\t\t\t\t\t\t<h3 itemprop=\"headline\">\n\t\t\t\t\t\t\t\t\t\t\tBandana Tribe\t\t\t\t\t\t\t\t\t<\/h3>\n            \n\t<bdi>\u20ac29.00<\/bdi>\n        \n\t<meta itemscope itemprop=\"mainEntityOfPage\" itemtype=\"https:\/\/schema.org\/WebPage\" itemid=\"https:\/\/www.frammenti.com\/loja\/vestuario\/calcas\/frammenti-calcas-de-corrida-construction\/\" content=\"Frammenti Cal\u00e7as de Corrida Construction\" \/><meta itemprop=\"datePublished\" content=\"2021-12-22\" \/><meta itemprop=\"dateModified\" content=\"2022-04-20\" \/><meta itemprop=\"name\" content=\"frammenti\"\/><meta itemprop=\"url\" content=\"https:\/\/www.frammenti.com\/author\/simonebarbosa\/\" \/><meta itemprop=\"name\" content=\"simonebarbosa\" \/><meta itemprop=\"url\" content=\"https:\/\/www.frammenti.com\/wp-content\/uploads\/2020\/07\/Frammenti-Contruction-Pants-All-Black-3.jpg\" \/><meta itemprop=\"width\" content=\"1140\" \/><meta itemprop=\"height\" content=\"1400\" \/><meta itemprop=\"interactionType\" content=\"https:\/\/schema.org\/CommentAction\" \/><meta itemprop=\"userInteractionCount\" content=\"0\" \/>\t\n\t\t\t<a href=\"https:\/\/www.frammenti.com\/en\/loja\/vestuario\/calcas\/frammenti-calcas-de-corrida-construction\/\" title=\"Frammenti Construction Jogging Pants\"><\/a>\n\t\t\t\t<img loading=\"lazy\" decoding=\"async\" src=\"https:\/\/www.frammenti.com\/wp-content\/uploads\/bb-plugin\/cache\/Frammenti-Contruction-Pants-All-Black-3-square.jpg\" alt=\"Frammenti-Contruction-Pants-All-Black-3\" itemprop=\"image\" data-no-lazy=\"1\" height=\"1400\" width=\"1140\" title=\"Frammenti-Construction-Pants-All-Black-3\" onerror=\"this.style.display='none'\"  \/>\n\t\t\t\t\t\t\t<h3 itemprop=\"headline\">\n\t\t\t\t\t\t\t\t\t\t\tFrammenti Construction Jogging Pants\t\t\t\t\t\t\t\t\t<\/h3>\n            \n\t<bdi>85,00&euro;<\/bdi>\n        \n\t<meta itemscope itemprop=\"mainEntityOfPage\" itemtype=\"https:\/\/schema.org\/WebPage\" itemid=\"https:\/\/www.frammenti.com\/loja\/vestuario\/jackets-leather-jackets\/casaco-de-cabedal-pequeno\/\" content=\"Casaco de cabedal pequeno\" \/><meta itemprop=\"datePublished\" content=\"2021-12-22\" \/><meta itemprop=\"dateModified\" content=\"2022-04-20\" \/><meta itemprop=\"name\" content=\"frammenti\"\/><meta itemprop=\"url\" content=\"https:\/\/www.frammenti.com\/author\/simonebarbosa\/\" \/><meta itemprop=\"name\" content=\"simonebarbosa\" \/><meta itemprop=\"url\" content=\"https:\/\/www.frammenti.com\/wp-content\/uploads\/2020\/07\/Frammenti-Biker-Leather-Jacket-Female-Master-1.jpg\" \/><meta itemprop=\"width\" content=\"1140\" \/><meta itemprop=\"height\" content=\"1400\" \/><meta itemprop=\"interactionType\" content=\"https:\/\/schema.org\/CommentAction\" \/><meta itemprop=\"userInteractionCount\" content=\"0\" \/>\t\n\t\t\t<a href=\"https:\/\/www.frammenti.com\/en\/loja\/vestuario\/jackets-leather-jackets\/casaco-de-cabedal-pequeno\/\" title=\"small leather coat\"><\/a>\n\t\t\t\t<img loading=\"lazy\" decoding=\"async\" src=\"https:\/\/www.frammenti.com\/wp-content\/uploads\/bb-plugin\/cache\/Frammenti-Biker-Leather-Jacket-Female-Master-1-square.jpg\" alt=\"Frammenti-Biker-Leather-Jacket-Female-Master-1\" itemprop=\"image\" data-no-lazy=\"1\" height=\"1400\" width=\"1140\" title=\"Frammenti-Biker-Leather-Jacket-Female-Master-1\" onerror=\"this.style.display='none'\"  \/>\n\t\t\t\t\t\t\t<h3 itemprop=\"headline\">\n\t\t\t\t\t\t\t\t\t\t\tsmall leather coat\t\t\t\t\t\t\t\t\t<\/h3>\n            \n\t<del aria-hidden=\"true\"><bdi>599,00&euro;<\/bdi><\/del> <ins><bdi>290,00&euro;<\/bdi><\/ins>\n        \n\t\t<!-- .pp-content-posts -->","protected":false},"excerpt":{"rendered":"<p>Nova cole\u00e7\u00e3o c\u00e1psula &#8220;TRIBE&#8221; Frammenti lan\u00e7ou cole\u00e7\u00e3o c\u00e1psula em evento com muitas figuras p\u00fablicas.A Frammenti lan\u00e7ou a sua cole\u00e7\u00e3o c\u00e1psula primavera\/ver\u00e3o, denominada &#8220;Tribe&#8221;, num evento que teve lugar no Trend Spot, em Lisboa, e que contou com a presen\u00e7a de figuras relevantes da m\u00fasica e das culturas portuguesa e angolana. A cole\u00e7\u00e3o c\u00e1psula, da autoria&hellip;<\/p>","protected":false},"author":1,"featured_media":0,"parent":0,"menu_order":0,"comment_status":"closed","ping_status":"closed","template":"","meta":{"footnotes":""},"class_list":["post-2226","page","type-page","status-publish","hentry"],"_links":{"self":[{"href":"https:\/\/www.frammenti.com\/en\/wp-json\/wp\/v2\/pages\/2226","targetHints":{"allow":["GET"]}}],"collection":[{"href":"https:\/\/www.frammenti.com\/en\/wp-json\/wp\/v2\/pages"}],"about":[{"href":"https:\/\/www.frammenti.com\/en\/wp-json\/wp\/v2\/types\/page"}],"author":[{"embeddable":true,"href":"https:\/\/www.frammenti.com\/en\/wp-json\/wp\/v2\/users\/1"}],"replies":[{"embeddable":true,"href":"https:\/\/www.frammenti.com\/en\/wp-json\/wp\/v2\/comments?post=2226"}],"version-history":[{"count":6,"href":"https:\/\/www.frammenti.com\/en\/wp-json\/wp\/v2\/pages\/2226\/revisions"}],"predecessor-version":[{"id":18636,"href":"https:\/\/www.frammenti.com\/en\/wp-json\/wp\/v2\/pages\/2226\/revisions\/18636"}],"wp:attachment":[{"href":"https:\/\/www.frammenti.com\/en\/wp-json\/wp\/v2\/media?parent=2226"}],"curies":[{"name":"wp","href":"https:\/\/api.w.org\/{rel}","templated":true}]}}