{"id":1972,"date":"2021-07-19T20:44:18","date_gmt":"2021-07-19T20:44:18","guid":{"rendered":"https:\/\/www.frammenti.com\/minha-conta\/"},"modified":"2022-03-24T20:22:52","modified_gmt":"2022-03-24T20:22:52","slug":"minha-conta","status":"publish","type":"page","link":"https:\/\/www.frammenti.com\/en\/minha-conta\/","title":{"rendered":"My account"},"content":{"rendered":"<nav>\n\t<ul>\n\t\t\t\t\t<li>\n\t\t\t\t<a href=\"https:\/\/www.frammenti.com\/en\/minha-conta\/\">Painel<\/a>\n\t\t\t<\/li>\n\t\t\t\t\t<li>\n\t\t\t\t<a href=\"https:\/\/www.frammenti.com\/en\/minha-conta\/orders\/\">Orders<\/a>\n\t\t\t<\/li>\n\t\t\t\t\t<li>\n\t\t\t\t<a href=\"https:\/\/www.frammenti.com\/en\/minha-conta\/downloads\/\">Descarregamentos<\/a>\n\t\t\t<\/li>\n\t\t\t\t\t<li>\n\t\t\t\t<a href=\"https:\/\/www.frammenti.com\/en\/minha-conta\/edit-address\/\">Morada<\/a>\n\t\t\t<\/li>\n\t\t\t\t\t<li>\n\t\t\t\t<a href=\"https:\/\/www.frammenti.com\/en\/minha-conta\/edit-account\/\">Account details<\/a>\n\t\t\t<\/li>\n\t\t\t\t\t<li>\n\t\t\t\t<a href=\"https:\/\/www.frammenti.com\/en\/wishlist\/\">Wishlist<\/a>\n\t\t\t<\/li>\n\t\t\t\t\t<li>\n\t\t\t\t<a href=\"https:\/\/www.frammenti.com\/en\/minha-conta\/customer-logout\/?_wpnonce=4882dfd806\">To go out<\/a>\n\t\t\t<\/li>\n\t\t\t<\/ul>\n<\/nav>\n\n\tOl\u00e1 <strong>simonebarbosa<\/strong> (n\u00e3o \u00e9 <strong>simonebarbosa<\/strong>? <a href=\"https:\/\/www.frammenti.com\/en\/minha-conta\/customer-logout\/?_wpnonce=4882dfd806\">To go out<\/a>)\n\n\tNo painel da sua conta pode ver as <a href=\"https:\/\/www.frammenti.com\/en\/minha-conta\/orders\/\">encomendas mais recentes<\/a>, gerir as <a href=\"https:\/\/www.frammenti.com\/en\/minha-conta\/edit-address\/\">moradas de envio e de factura\u00e7\u00e3o<\/a> and <a href=\"https:\/\/www.frammenti.com\/en\/minha-conta\/edit-account\/\">editar os detalhes e a senha da conta<\/a>.","protected":false},"excerpt":{"rendered":"<p>Painel Encomendas Descarregamentos Morada Detalhes da conta Wishlist Sair Ol\u00e1 simonebarbosa (n\u00e3o \u00e9 simonebarbosa? Sair) No painel da sua conta pode ver as encomendas mais recentes, gerir as moradas de envio e de factura\u00e7\u00e3o e editar os detalhes e a senha da conta.<\/p>","protected":false},"author":1,"featured_media":0,"parent":0,"menu_order":0,"comment_status":"closed","ping_status":"closed","template":"","meta":{"footnotes":""},"class_list":["post-1972","page","type-page","status-publish","hentry"],"_links":{"self":[{"href":"https:\/\/www.frammenti.com\/en\/wp-json\/wp\/v2\/pages\/1972","targetHints":{"allow":["GET"]}}],"collection":[{"href":"https:\/\/www.frammenti.com\/en\/wp-json\/wp\/v2\/pages"}],"about":[{"href":"https:\/\/www.frammenti.com\/en\/wp-json\/wp\/v2\/types\/page"}],"author":[{"embeddable":true,"href":"https:\/\/www.frammenti.com\/en\/wp-json\/wp\/v2\/users\/1"}],"replies":[{"embeddable":true,"href":"https:\/\/www.frammenti.com\/en\/wp-json\/wp\/v2\/comments?post=1972"}],"version-history":[{"count":3,"href":"https:\/\/www.frammenti.com\/en\/wp-json\/wp\/v2\/pages\/1972\/revisions"}],"predecessor-version":[{"id":18140,"href":"https:\/\/www.frammenti.com\/en\/wp-json\/wp\/v2\/pages\/1972\/revisions\/18140"}],"wp:attachment":[{"href":"https:\/\/www.frammenti.com\/en\/wp-json\/wp\/v2\/media?parent=1972"}],"curies":[{"name":"wp","href":"https:\/\/api.w.org\/{rel}","templated":true}]}}