{"id":18241,"date":"2022-03-30T12:21:26","date_gmt":"2022-03-30T12:21:26","guid":{"rendered":"https:\/\/www.frammenti.com\/?page_id=18241"},"modified":"2022-03-30T16:18:39","modified_gmt":"2022-03-30T16:18:39","slug":"faq-perguntas-frequentes","status":"publish","type":"page","link":"https:\/\/www.frammenti.com\/en\/faq-perguntas-frequentes\/","title":{"rendered":"FAQ - Frequently Asked Questions"},"content":{"rendered":"\nCOMPRAS ONLINE\n\t\t\t\tPAGAMENTO\n\t\t\t\tENTREGAS E DEVOLU\u00c7\u00d5ES\n\t\t\t\tCONTA PESSOAL (DADOS)\n\t\t\t\tSERVI\u00c7OS\n\t\t\t\tPRODUTOS E STOCKS\n\t\t\t\tOUTROS\n\t\t\t\t\t\t\tCOMPRAS ONLINE\n\t\t\t\t<p><strong>\u27a2 <\/strong><strong>Como posso criar uma conta\/login?<\/strong><\/p>\n<p>Para criar ou entrar no website FRAMMENTI, basta clicar na pessoa na p\u00e1gina inicial. Ser\u00e1 exibido um formul\u00e1rio de login para que possa introduzir o seu e-mail e palavra-passe. Se ainda n\u00e3o tiver uma conta, clique em Criar Conta e preencha o formul\u00e1rio com e-mail, palavra-passe e valida\u00e7\u00e3o de palavra-passe.<\/p>\n<p>&nbsp;<\/p>\n<p><strong>\u27a2 <\/strong><strong>Como posso adicionar artigos ao cesto de compras?<\/strong><\/p>\n<p>Para adicionar artigos ao cesto de compras:<\/p>\n<ol>\n<li>Seleccionar o(s) produto(s) desejado(s) e especificar a cor e o tamanho.<\/li>\n<li>Se necess\u00e1rio, valide o n\u00famero de produtos que deseja e clique no bot\u00e3o ADICIONAR AO CARRINHO.<\/li>\n<li>Seleccione o carrinho de compras para ver os produtos que adicionou.<\/li>\n<\/ol>\n<p>&nbsp;<\/p>\n<p><strong>\u27a2 <\/strong><strong>Como posso terminar o checkout?<\/strong><\/p>\n<p>Para finalizar a compra, clicar no cesto de compras no topo da p\u00e1gina, depois clicar em finalizar a compra. Preencha o formul\u00e1rio de factura\u00e7\u00e3o com o seu nome, pa\u00eds, endere\u00e7o, c\u00f3digo postal, n\u00famero de telefone, e e-mail. Optimize o tempo, seleccionando a op\u00e7\u00e3o de criar uma conta de cliente para ter os seus dados j\u00e1 dispon\u00edveis na pr\u00f3xima compra. Verifique a sua encomenda: os produtos, cores, tamanho e quantidade, assim como o pre\u00e7o total de compra. Escolha o seu m\u00e9todo de pagamento e introduza os detalhes. Quando conclu\u00edda, ser\u00e1 apresentada no ecr\u00e3 uma confirma\u00e7\u00e3o da encomenda, e receber\u00e1 um e-mail de valida\u00e7\u00e3o no seu endere\u00e7o de e-mail.<\/p>\n<p>&nbsp;<\/p>\n<p><strong>\u27a2 <\/strong><strong>Quais s\u00e3o os tipos de envio?<\/strong><\/p>\n<p>O nosso parceiro DHL Express \u00e9 respons\u00e1vel por todas as entregas.<\/p>\n<p>&nbsp;<\/p>\n<p><strong>\u27a2 <\/strong><strong>Qual \u00e9 o prazo de entrega?<\/strong><\/p>\n<p>Os prazos de entrega variam de acordo com a localiza\u00e7\u00e3o e organiza\u00e7\u00e3o log\u00edstica. Come\u00e7a a contar a partir do momento em que a encomenda \u00e9 colocada e paga, respectivamente. Por favor clique aqui para encontrar o tempo m\u00e9dio de entrega para o seu pa\u00eds.<\/p>\n<p>&nbsp;<\/p>\n<p><strong>\u27a2 <\/strong><strong>Como posso verificar se a minha encomenda foi registada?<\/strong><\/p>\n<p>Para verificar se a sua encomenda foi registada, confirme que recebeu o e-mail de confirma\u00e7\u00e3o da encomenda na conta que forneceu.<\/p>\n<p>Se ainda n\u00e3o recebeu o e-mail, verifique primeiro os seus e-mails de spam e os e-mails apagados. Posteriormente, se dentro de 1 hora n\u00e3o receber um e-mail de confirma\u00e7\u00e3o, contacte a FRAMMENTI atrav\u00e9s dos contactos apresentados para confirmar a sua encomenda.<\/p>\n<p>&nbsp;<\/p>\n<p><strong>\u27a2 <\/strong><strong>Os artigos do website est\u00e3o realmente dispon\u00edveis?<\/strong><\/p>\n<p>Todos os artigos do website est\u00e3o em stock, n\u00e3o prevendo quaisquer problemas log\u00edsticos com eles. Pode verificar a disponibilidade de cada artigo quando selecciona um.<\/p>\n<p><strong>\u27a2 <\/strong><strong>Tenho de fazer uma compra m\u00ednima para comprar artigos na loja online?<\/strong><\/p>\n<p>N\u00e3o h\u00e1 valor m\u00ednimo de compra. No entanto, h\u00e1 benef\u00edcios: se comprar 100 euros ou mais, o envio \u00e9 gratuito para todos os pa\u00edses.<\/p>\n<p>&nbsp;<\/p>\n<p><strong>\u27a2 <\/strong><strong>Tenho seguran\u00e7a na qualidade dos produtos enviados?<\/strong><\/p>\n<p>Se tiver alguma queixa ou quest\u00e3o sobre o produto, envie-nos um e-mail para geral@frammentistore.com<\/p>\n<p>&nbsp;<\/p>\n<p><strong>\u27a2 <\/strong><strong>\u00c9 obrigat\u00f3rio registar-se no site para fazer compras?<\/strong><\/p>\n<p>N\u00e3o \u00e9 necess\u00e1rio criar uma conta para comprar um produto FRAMMENTI. Contudo, \u00e9 obrigat\u00f3rio acrescentar o nome, endere\u00e7o de correio electr\u00f3nico, morada e n\u00famero de telefone (no caso de precisarmos de o contactar rapidamente sobre a sua encomenda).<\/p>\n<p>&nbsp;<\/p>\n<p><strong>\u27a2 <\/strong><strong>Posso oferecer um produto a outra pessoa?<\/strong><\/p>\n<p>Pode enviar a encomenda para outra morada que n\u00e3o a morada de factura\u00e7\u00e3o. Por favor, certifique-se de que os detalhes est\u00e3o correctos. Em breve, poder\u00e1 tamb\u00e9m dar a algu\u00e9m um cart\u00e3o oferta.<\/p>\n<p>&nbsp;<\/p>\n<p><strong>\u27a2 <\/strong><strong>Posso comprar um cart\u00e3o oferta na vossa loja?<\/strong><\/p>\n<p>Sim, pode adquirir um cart\u00e3o oferta de m\u00faltiplos montantes na nossa loja online [inserir link]. Basta seleccionar o artigo e o seu valor.<\/p>\n<p>&nbsp;<\/p>\n<p><strong>\u27a2 <\/strong><strong>Como \u00e9 que funciona?<\/strong><\/p>\n<p>Para o comprar, basta seleccionar o artigo na nossa loja online e pag\u00e1-lo na caixa. Receber\u00e1 ent\u00e3o uma confirma\u00e7\u00e3o por correio electr\u00f3nico com o cart\u00e3o, que poder\u00e1 reencaminhar para o seu destinat\u00e1rio.<\/p>\n<p>Se recebeu o cart\u00e3o de oferta, escolha o(s) produto(s) que deseja, adicione-o(s) ao carrinho e proceda ao checkout.<\/p>\n<p>Pode tamb\u00e9m combin\u00e1-lo com descontos ou c\u00f3digos promocionais.<\/p>\n<p>&nbsp;<\/p>\n<p><strong>Como \u00e9 que funciona para o comprador?<\/strong><\/p>\n<ul>\n<li>\n<ul>\n<li>Seleccione o cart\u00e3o de oferta que deseja comprar e adicione-o ao carrinho de compras.<\/li>\n<li>Proceder ao checkout.<\/li>\n<li>Confirme que recebeu uma confirma\u00e7\u00e3o por e-mail com o cart\u00e3o de oferta.<\/li>\n<li>Encaminhar o e-mail para o destinat\u00e1rio.<\/li>\n<\/ul>\n<\/li>\n<\/ul>\n<p>&nbsp;<\/p>\n<p><strong>Como \u00e9 que funciona para o receptor?<\/strong><\/p>\n<ul>\n<li>\n<ul>\n<li>Escolha o(s) produto(s) que deseja comprar e adicione-o(s) ao carrinho.<\/li>\n<li>Proceder ao checkout.<\/li>\n<li>Adicione o Cart\u00e3o de Oferta Frammenti como m\u00e9todo de pagamento durante o checkout e complete a sua encomenda.<\/li>\n<li>Adicione um c\u00f3digo de desconto ou de promo\u00e7\u00e3o, se tiver um.<\/li>\n<li>Pague a sua encomenda com o cart\u00e3o de oferta.<\/li>\n<\/ul>\n<\/li>\n<\/ul>\n<p>&nbsp;<\/p>\n<p><strong>\u27a2 <\/strong><strong>O cart\u00e3o de oferta pode expirar?<\/strong><\/p>\n<p>Sim. Uma vez comprada, estar\u00e1 dispon\u00edvel nos pr\u00f3ximos 12 meses.<\/p>\n<p>&nbsp;<\/p>\n<p><strong>\u27a2 <\/strong><strong>Posso gastar mais do que o cart\u00e3o oferta?<\/strong><\/p>\n<p>N\u00e3o exactamente. Pode comprar quantos produtos quiser, usar o cart\u00e3o oferta e pagar a diferen\u00e7a usando Paypal ou Stripe. Se o montante da encomenda for inferior ao saldo do cart\u00e3o oferta, este permanecer\u00e1 dispon\u00edvel.<\/p>\n<p>&nbsp;<\/p>\n<p><strong>\u27a2 <\/strong><strong>Quantas vezes posso usar o cart\u00e3o oferta?<\/strong><\/p>\n<p>Pode ser utilizado at\u00e9 que o saldo seja de 0,00 euros. Para verificar o saldo do cart\u00e3o oferta, basta fazer login na sua conta.<\/p>\n<p>N\u00e3o pode ser utilizado uma vez terminada a validade.<\/p>\n<p>&nbsp;<\/p>\n<p><strong>Informa\u00e7\u00f5es importantes: <\/strong><\/p>\n<ul>\n<li>\n<ul>\n<li>N\u00e3o se pode recarregar um cart\u00e3o de oferta.<\/li>\n<li>N\u00e3o se pode usar um cart\u00e3o oferta para comprar outro.<\/li>\n<li>N\u00e3o pode ser substitu\u00eddo em caso de perda ou roubo.<\/li>\n<\/ul>\n<\/li>\n<\/ul>\n<ul>\n<li>&nbsp;<\/li>\n<\/ul>\n\t\t\t\t\t\t\tPAGAMENTO\n\t\t\t\t<p><strong>\u27a2 <\/strong><strong>Quais s\u00e3o as formas de pagamento?<\/strong><\/p>\n<p>Na loja online FRAMMENTI, os Cart\u00f5es de Cr\u00e9dito (Stripe), nomeadamente Visa, American Express, e Mastercard, s\u00e3o aceites como m\u00e9todos de pagamento, assim como PayPal. Para mais informa\u00e7\u00f5es, consulte <a href=\"https:\/\/www.frammenti.com\/terms-conditions\/\">os Termos e Condi\u00e7\u00f5es. <\/a><\/p>\n<p>&nbsp;<\/p>\n<p><strong>\u27a2In quais as moedas que posso comprar?<\/strong><\/p>\n<p>Todos os produtos, taxas e servi\u00e7os na loja online da FRAMMENTI est\u00e3o em EUROS (euros). Portanto, o emissor do seu cart\u00e3o pode ver o seu pagamento como uma transac\u00e7\u00e3o internacional em alguns pa\u00edses e cobrar uma taxa adicional. Para mais detalhes sobre isto, por favor contacte directamente o emissor do seu cart\u00e3o.<\/p>\n<p>&nbsp;<\/p>\n<p><strong>\u27a2 <\/strong><strong>O pagamento em linha \u00e9 seguro?<\/strong><\/p>\n<p>Sim, a seguran\u00e7a dos nossos clientes \u00e9 uma das nossas principais prioridades. Toda a informa\u00e7\u00e3o que nos fornece \u00e9 apenas utilizada para processar a encomenda. Frammenti n\u00e3o a guardar\u00e1.<\/p>\n<p>Tamb\u00e9m utilizamos encripta\u00e7\u00e3o SSL (Secure Socket Layer) para proteger os seus dados. Por favor, consulte a nossa Pol\u00edtica de Privacidade para mais d\u00favidas.<\/p>\n<p>&nbsp;<\/p>\n<p><strong>\u27a2 <\/strong><strong>Os pre\u00e7os dos artigos j\u00e1 incluem IVA?<\/strong><\/p>\n<p>Todos os pre\u00e7os afixados nos produtos no website n\u00e3o incluem IVA. Apresentamos o custo total no checkout, mais a taxa de envio.<\/p>\n<p>&nbsp;<\/p>\n<p><strong>\u27a2 <\/strong><strong>Como \u00e9 que recebo a factura?<\/strong><\/p>\n<p>Receber\u00e1 a factura no seu e-mail. Se n\u00e3o a receber (ap\u00f3s verificar a pasta de spam), <a href=\"http:\/\/geral@frammentistore.com\/\" target=\"_blank\" rel=\"noopener\">contacte-nos<\/a>, por favor.<\/p>\n<p>&nbsp;<\/p>\n<p><strong>\u27a2 <\/strong><strong>Posso pedir uma factura com o meu N\u00famero de Identifica\u00e7\u00e3o Contribuinte?<\/strong><\/p>\n<p>Sim, pode adicionar o seu N\u00famero de Identifica\u00e7\u00e3o Contribuinte durante o checkout. Se tiver problemas com isso, por favor envie uma mensagem para <a href=\"mailto:geral@frammenti.com\">geral@frammenti.com<\/a>.<\/p>\n\t\t\t\t\t\t\tENTREGAS E DEVOLU\u00c7\u00d5ES\n\t\t\t\t<p><strong>&nbsp;\u27a2 <\/strong><strong>Posso devolver produtos?<\/strong><\/p>\n<p>Sim. Se n\u00e3o estiver satisfeito com a sua compra, tem 14 dias para nos enviar um <a href=\"http:\/\/geral@frammentistore.com\/\" target=\"_blank\" rel=\"noopener\">e-mail<\/a> para que possamos avaliar o seu caso.<\/p>\n<p>&nbsp;<\/p>\n<p><strong>\u27a2 <\/strong><strong>Posso modificar ou cancelar a minha encomenda?<\/strong><\/p>\n<p>Pode modificar ou cancelar a encomenda. Por favor contacte a FRAMMENTI atrav\u00e9s de geral@frammenti.com com o seu pedido o mais rapidamente poss\u00edvel. Para mais informa\u00e7\u00f5es, clique <a href=\"https:\/\/www.frammenti.com\/terms-conditions\/\">aqui<\/a>.<\/p>\n<p>&nbsp;<\/p>\n<p><strong>\u27a2 <\/strong><strong>A que pa\u00edses entrega?<\/strong><\/p>\n<p>Entregamos a todos os pa\u00edses. Os prazos de entrega e os custos de envio podem variar.<\/p>\n<p>&nbsp;<\/p>\n<p><strong>\u27a2 <\/strong><strong>Quem entrega a minha encomenda?<\/strong><\/p>\n<p>Todas as encomendas colocadas na loja online FRAMMENTI ser\u00e3o entregues atrav\u00e9s da DHL Express.<\/p>\n<p>&nbsp;<\/p>\n<p><strong>\u27a2 <\/strong><strong>Quanto tempo demora a encomenda a chegar \u00e0 minha morada?<\/strong><\/p>\n<p>Por favor clique aqui para ver o tempo m\u00e9dio de entrega.<\/p>\n<p>&nbsp;<\/p>\n<p><strong>\u27a2 <\/strong><strong>Tenho de pagar a expedi\u00e7\u00e3o?<\/strong><\/p>\n<p>Todas as compras incluem o pagamento do transporte, que pode variar de acordo com o pa\u00eds. Todas as encomendas superiores a 100 euros t\u00eam envio gratuito.<\/p>\n<p>&nbsp;<\/p>\n<p><strong>\u27a2 <\/strong><strong>\u00c9 poss\u00edvel receber a encomenda num endere\u00e7o diferente do endere\u00e7o de factura\u00e7\u00e3o?<\/strong><\/p>\n<p>\u00c9 poss\u00edvel receber a encomenda num endere\u00e7o diferente do endere\u00e7o de factura\u00e7\u00e3o. Para o fazer, basta preencher o formul\u00e1rio na caixa e seleccionar a op\u00e7\u00e3o para enviar a encomenda para uma morada de factura\u00e7\u00e3o diferente.<\/p>\n<p>&nbsp;<\/p>\n<p><strong>\u27a2 <\/strong><strong>Como posso seguir o meu pedido?<\/strong><\/p>\n<p>Pode acompanhar a encomenda atrav\u00e9s do site da DHL usando o n\u00famero de encomenda (inclu\u00eddo no e-mail de confirma\u00e7\u00e3o de envio).<\/p>\n<p>&nbsp;<\/p>\n<p><strong>\u27a2 <\/strong><strong>O que fazer se eu receber um artigo danificado?<\/strong><\/p>\n<p>Se o seu produto estiver defeituoso, queira contactar a FRAMMENTI atrav\u00e9s dos contactos fornecidos.<\/p>\n<p>&nbsp;<\/p>\n<p><strong>\u27a2 <\/strong><strong>O que fazer se a minha encomenda for perdida?<\/strong><\/p>\n<p>Se a sua encomenda for perdida, contacte a FRAMMENTI para que esta possa entrar em contacto com as autoridades competentes. Tentaremos sempre ajudar a encontrar a melhor solu\u00e7\u00e3o.<\/p>\n\t\t\t\t\t\t\tCONTA PESSOAL (DADOS)\n\t\t\t\t<p><strong>\u27a2 <\/strong><strong>Quais s\u00e3o as vantagens de criar uma conta?<\/strong><\/p>\n<p>Com uma conta FRAMMENTI, pode alterar facilmente endere\u00e7os de entrega, aceder ao seu hist\u00f3rico de encomendas, processar uma devolu\u00e7\u00e3o, adicionar itens \u00e0 sua lista de desejos, gerir as suas subscri\u00e7\u00f5es de correio electr\u00f3nico e receber benef\u00edcios feitos exclusivamente para os nossos clientes. Por favor, leia a nossa <a href=\"https:\/\/www.frammenti.com\/privacy-policy\/\">Pol\u00edtica de Privacidade<\/a> para mais informa\u00e7\u00f5es.<\/p>\n<p>&nbsp;<\/p>\n<p><strong>\u27a2 <\/strong><strong>Esqueci-me da minha palavra-passe. E agora?<\/strong><\/p>\n<p>Se se esqueceu da sua palavra-passe, clique em &#8220;Esqueceu-se da sua palavra-passe?&#8221; e siga as instru\u00e7\u00f5es do e-mail. Se tiver alguma dificuldade, contacte a FRAMMENTI atrav\u00e9s dos contactos fornecidos, para que o possamos ajudar.<\/p>\n<p>&nbsp;<\/p>\n<p><strong>&nbsp;\u27a2 <\/strong><strong>Posso alterar os meus dados de cliente?<\/strong><\/p>\n<p>Pode alterar os seus dados de cliente, tendo em conta que esta altera\u00e7\u00e3o n\u00e3o altera nenhuma compra anterior. Se desejar alterar o endere\u00e7o de entrega ap\u00f3s efectuar uma encomenda, ter\u00e1 de contactar a FRAMMENTI. Se a encomenda ainda n\u00e3o tiver sido enviada, talvez possamos modific\u00e1-la.<\/p>\n\t\t\t\t\t\t\tSERVI\u00c7OS\n\t\t\t\t<p><strong>\u27a2 <\/strong><strong>Como posso contact\u00e1-lo?<\/strong><\/p>\n<p>Morada: Quinta da Bassaqueira, Estrada Nacional, 10 Vila Nogueira de Azeit\u00e3o, 2925-511 Azeit\u00e3o, Set\u00fabal, Portugal<\/p>\n<p>Email: <a href=\"mailto:geral@frammentistore.com\">geral@frammentistore.com<\/a><\/p>\n<p>Telefone: <a href=\"tel:+351913140078\">+351 913 140 078<\/a><\/p>\n<p>&nbsp;<\/p>\n<p><strong>\u27a2 <\/strong><strong>Se eu quiser um produto exclusivo e personalizado que n\u00e3o esteja no website, posso colocar uma encomenda?<\/strong><\/p>\n<p>Se desejar um produto FRAMMENTI personalizado, por favor <a href=\"http:\/\/geral@frammentistore.com\/\" target=\"_blank\" rel=\"noopener\">contacte-nos<\/a> com a sua ideia. Adoramos novos desenhos.<\/p>\n\t\t\t\t\t\t\tPRODUTOS E STOCKS\n\t\t\t\t<p><strong>\u27a2 <\/strong><strong>Onde posso ver informa\u00e7\u00f5es t\u00e9cnicas sobre um produto?<\/strong><\/p>\n<p>Pode ver informa\u00e7\u00f5es t\u00e9cnicas sobre um produto na sua p\u00e1gina na sec\u00e7\u00e3o abaixo da foto do produto: nomeadamente, descri\u00e7\u00e3o do produto, peso, dimens\u00f5es, cor, tamanho, composi\u00e7\u00e3o, colec\u00e7\u00e3o, categoria, e cuidados com o produto. Para mais informa\u00e7\u00f5es, por favor contacte a FRAMMENTI.<\/p>\n<p>&nbsp;<\/p>\n<p><strong>\u27a2 <\/strong><strong>Onde posso encontrar um guia de tamanhos?<\/strong><\/p>\n<p>Todos os tamanhos dos nossos produtos se ajustam ao tamanho real. Se tiver alguma d\u00favida sobre isto, contacte-nos.<\/p>\n<p>&nbsp;<\/p>\n<p><strong>\u27a2 Como posso verificar que o produto \u00e9 realmente FRAMMENTI?<\/strong><\/p>\n<p>A melhor maneira de garantir se um produto \u00e9 um original FRAMMENTI \u00e9 compr\u00e1-lo no nosso website. Se detectar um produto falsificado, contacte-nos atrav\u00e9s de geral@frammenti.com e partilhe connosco a fotografia do artigo e os endere\u00e7os\/website do vendedor n\u00e3o autorizado. Obrigado.<\/p>\n<p>&nbsp;<\/p>\n<p><strong>\u27a2 Os <\/strong><strong>materiais do produto s\u00e3o amigos do ambiente?<\/strong><\/p>\n<p>Todos os nossos produtos s\u00e3o fabricados pela ind\u00fastria certificada <em>Global Organic Textile Standard <\/em>e <em>Axpo Full of Energy for Climate-friendly Power. <\/em><\/p>\n<p>&nbsp;<\/p>\n<p><strong>\u27a2 Onde s\u00e3o fabricados os materiais e os produtos?<\/strong><\/p>\n<p>Em Portugal, com a ajuda do nosso parceiro <a href=\"http:\/\/www.alec.pt\/\" target=\"_blank\" rel=\"noopener\">Alec<\/a>.<\/p>\n<p>&nbsp;<\/p>\n<p><strong>\u27a2 Os produtos comprados t\u00eam cuidados especiais?<\/strong><\/p>\n<p>Cada produto tem os seus preceitos de manuseamento e lavagem. Pode ver informa\u00e7\u00f5es t\u00e9cnicas sobre o produto na sua p\u00e1gina sobre Especifica\u00e7\u00f5es.<\/p>\n<p>&nbsp;<\/p>\n<p><strong>\u27a2 <\/strong><strong>A cor mostrada nas fotografias dos produtos do website \u00e9 exacta?<\/strong><\/p>\n<p>Na FRAMMENTI, cada produto fotografado \u00e9 tratado para mostrar as cores como semelhantes \u00e0 realidade. No entanto, certas cores podem mudar as tonalidades \u00e0 luz natural, tal como pode haver varia\u00e7\u00f5es de um ecr\u00e3 para outro, dependendo do modo de visualiza\u00e7\u00e3o.<\/p>\n<p>&nbsp;<\/p>\n<p><strong>\u27a2 <\/strong><strong>Posso contact\u00e1-lo para responder a perguntas sobre a roupa ou a marca?<\/strong><\/p>\n<p>Pode contactar-nos para qualquer esclarecimento atrav\u00e9s dos seguintes meios:<\/p>\n<p>Morada: Quinta da Bassaqueira, Estrada Nacional, 10 Vila Nogueira de Azeit\u00e3o, 2925-511 Azeit\u00e3o, Set\u00fabal, Portugal<\/p>\n<p>Email: <a href=\"mailto:geral@frammentistore.com\">geral@frammentistore.com<\/a><\/p>\n<p>Telefone: <a href=\"tel:+351913140078\">+351 913 140 078<\/a><\/p>\n\t\t\t\t\t\t\tOUTROS\n\t\t\t\t<p><strong>\u27a2 A <\/strong><strong>FRAMMENTI apoia ou tem parcerias com outras entidades?<\/strong><\/p>\n<p>Sim, Frammenti tem parcerias com <a href=\"https:\/\/alec.pt\/\" target=\"_blank\" rel=\"noopener\">a Alec<\/a>, <a href=\"https:\/\/lxfactory.com\/1895\/\" target=\"_blank\" rel=\"noopener\">Milk &amp; Black<\/a>, <a href=\"https:\/\/www.spotangola.com\/\" target=\"_blank\" rel=\"noopener\">Angola Spots<\/a>, <a href=\"https:\/\/angry.ventures\/\" target=\"_blank\" rel=\"noopener\">Angry Ventures<\/a>, entre outros.<\/p>\n<p>&nbsp;<\/p>\n<p><strong>\u27a2 <\/strong><strong>Como posso saber todas as not\u00edcias da FRAMMENTI?<\/strong><\/p>\n<p>Pode subscrever a newsletter da FRAMMENTI, bem como descobrir as nossas redes sociais:<\/p>\n<p>Facebook: <a href=\"https:\/\/www.facebook.com\/frammentistore\/\" target=\"_blank\" rel=\"noopener\">https:\/\/www.facebook.com\/frammentistore\/<\/a><\/p>\n<p>Instagram: <a href=\"https:\/\/www.instagram.com\/frammentistore\/\" target=\"_blank\" rel=\"noopener\">@frammenti.store<\/a><\/p>\n<p>Youtube: <a href=\"https:\/\/www.youtube.com\/channel\/UC8afGjkwddEsRSJpNwWDbtw\" target=\"_blank\" rel=\"noopener\">https:\/\/www.youtube.com\/channel\/UC8afGjkwddEsRSJpNwWDbtw<\/a><\/p>\n<p>LinkedIn: <a href=\"https:\/\/www.linkedin.com\/company\/frammentistore\" target=\"_blank\" rel=\"noopener\">https:\/\/www.linkedin.com\/company\/frammentistore<\/a><\/p>\n","protected":false},"excerpt":{"rendered":"<p>COMPRAS ONLINE PAGAMENTO ENTREGAS E DEVOLU\u00c7\u00d5ES CONTA PESSOAL (DADOS) SERVI\u00c7OS PRODUTOS E STOCKS OUTROS COMPRAS ONLINE \u27a2 Como posso criar uma conta\/login? Para criar ou entrar no website FRAMMENTI, basta clicar na pessoa na p\u00e1gina inicial. Ser\u00e1 exibido um formul\u00e1rio de login para que possa introduzir o seu e-mail e palavra-passe. Se ainda n\u00e3o tiver&hellip;<\/p>","protected":false},"author":1,"featured_media":0,"parent":0,"menu_order":0,"comment_status":"closed","ping_status":"closed","template":"","meta":{"footnotes":""},"class_list":["post-18241","page","type-page","status-publish","hentry"],"_links":{"self":[{"href":"https:\/\/www.frammenti.com\/en\/wp-json\/wp\/v2\/pages\/18241","targetHints":{"allow":["GET"]}}],"collection":[{"href":"https:\/\/www.frammenti.com\/en\/wp-json\/wp\/v2\/pages"}],"about":[{"href":"https:\/\/www.frammenti.com\/en\/wp-json\/wp\/v2\/types\/page"}],"author":[{"embeddable":true,"href":"https:\/\/www.frammenti.com\/en\/wp-json\/wp\/v2\/users\/1"}],"replies":[{"embeddable":true,"href":"https:\/\/www.frammenti.com\/en\/wp-json\/wp\/v2\/comments?post=18241"}],"version-history":[{"count":7,"href":"https:\/\/www.frammenti.com\/en\/wp-json\/wp\/v2\/pages\/18241\/revisions"}],"predecessor-version":[{"id":18310,"href":"https:\/\/www.frammenti.com\/en\/wp-json\/wp\/v2\/pages\/18241\/revisions\/18310"}],"wp:attachment":[{"href":"https:\/\/www.frammenti.com\/en\/wp-json\/wp\/v2\/media?parent=18241"}],"curies":[{"name":"wp","href":"https:\/\/api.w.org\/{rel}","templated":true}]}}