{"id":15692,"date":"2021-07-19T23:49:50","date_gmt":"2021-07-19T23:49:50","guid":{"rendered":"https:\/\/www.frammenti.com\/?page_id=15692"},"modified":"2022-12-12T10:03:31","modified_gmt":"2022-12-12T10:03:31","slug":"contactos","status":"publish","type":"page","link":"https:\/\/www.frammenti.com\/en\/contactos\/","title":{"rendered":"Contactos"},"content":{"rendered":"\n\n\t\t<h4>\n\t\t\tREDES SOCIAIS\n\t\t<\/h4>\n\t\t<link itemprop=\"url\" href=\"https:\/\/www.frammenti.com\"\/>\n\t\t<a itemprop=\"sameAs\" href=\"https:\/\/www.facebook.com\/frammentistore\/\" target=\"_blank\" title=\"Facebook\" aria-label=\"Facebook\" role=\"button\" rel=\"noopener\">\n\t\t\t\t\t<\/a>\n\t\t<link itemprop=\"url\" href=\"https:\/\/www.frammenti.com\"\/>\n\t\t<a itemprop=\"sameAs\" href=\"https:\/\/www.instagram.com\/frammenti.store\/\" target=\"_blank\" title=\"Instagram\" aria-label=\"Instagram\" role=\"button\" rel=\"noopener\">\n\t\t\t\t\t<\/a>\n\t\t<link itemprop=\"url\" href=\"https:\/\/www.frammenti.com\"\/>\n\t\t<a itemprop=\"sameAs\" href=\"https:\/\/www.youtube.com\/channel\/UC8afGjkwddEsRSJpNwWDbtw\" target=\"_self\" title=\"YouTube\" aria-label=\"YouTube\" role=\"button\" rel=\"noopener\">\n\t\t\t\t\t<\/a>\n\t\t<link itemprop=\"url\" href=\"https:\/\/www.frammenti.com\"\/>\n\t\t<a itemprop=\"sameAs\" href=\"https:\/\/pt.linkedin.com\/company\/frammentistore\" target=\"_self\" title=\"LinkedIn\" aria-label=\"LinkedIn\" role=\"button\" rel=\"noopener\">\n\t\t\t\t\t<\/a>\n\t\t<h4>\n\t\t\tCONTACTOS\n\t\t<\/h4>\n\t\t\t<p>Se tiver alguma quest\u00e3o espec\u00edfica, n\u00e3o hesite em contactar-nos preenchendo este formul\u00e1rio ou telefonando para a nossa equipa de atendimento ao cliente pelo telefone\u00a0<a href=\"tel:+351913140078\">+351 913 140 078<\/a><\/p>\t\t\n\t\t<h4>\n\t\t\tSERVI\u00c7O AO CLIENTE\n\t\t<\/h4>\n\t\t\t<p>Segunda a quinta-feira das 8 &#8211; 16Sexta-feira das 8 &#8211; 15 GMTTelefone <a href=\"tel:+351913140078\">+351 913 140 078<\/a>(chamada para a rede m\u00f3vel nacional)<a href=\"mailto:geral@frammentistore.com\">geral@frammentistore.com<\/a><\/p>\t\t\n\t\t<h4>\n\t\t\t\t\t\t\t<a href=\"https:\/\/goo.gl\/maps\/UFQbSZux9o32CAFi9\" target=\"_self\" rel=\"noopener\">\n\t\t\tONDE ESTAMOS\n\t\t\t\t\t\t\t<\/a>\n\t\t<\/h4>\n\t\t\t<p><a href=\"https:\/\/goo.gl\/maps\/JArRW48amATtEHfQA\" target=\"_blank\" rel=\"noopener\">Alameda das Linhas de Torres 59A RC, 1750-140 Lisboa<\/a><\/p>\t\t\n\t\t<h2>\n\t\t\tPODEMOS AJUDAR?\n\t\t<\/h2>\n\t\t\t<p>A nossa equipa foi escolhida a dedo pela sua compreens\u00e3o dos materiais, processo e paix\u00e3o pela moda. Quer esteja a navegar no nosso site ou a visitar a nossa loja, estamos sempre dispostos a partilhar o nosso profundo conhecimento e compreens\u00e3o dos nossos fabricantes e do seu of\u00edcio.<\/p>\t\t\n    <form id=\"wpforms-form-16948\" data-formid=\"16948\" method=\"post\" enctype=\"multipart\/form-data\" action=\"\/?page_id=15692&#038;fl_builder\" data-token=\"db3fb1b3043370ab2a5447f0dc519223\">Please enable JavaScript in your browser to complete this form.<label for=\"wpforms-16948-field_0\">Nome *<\/label><input type=\"text\" id=\"wpforms-16948-field_0\" name=\"wpforms[fields][0]\" placeholder=\"Nome\" required\/><label for=\"wpforms-16948-field_3\">Telefone<\/label><input type=\"number\" pattern=\"d*\" id=\"wpforms-16948-field_3\" name=\"wpforms[fields][3]\" placeholder=\"Telefone\"\/><label for=\"wpforms-16948-field_1\">Email *<\/label><input type=\"email\" id=\"wpforms-16948-field_1\" name=\"wpforms[fields][1]\" placeholder=\"Email\" required\/><label for=\"wpforms-16948-field_2\">Em que podemos ajudar? *<\/label><textarea id=\"wpforms-16948-field_2\" name=\"wpforms[fields][2]\" placeholder=\"Em que podemos ajudar?\" required><\/textarea><input type=\"hidden\" name=\"wpforms[id]\" value=\"16948\"\/>\t\t\t<input type=\"hidden\"\n\t\t\t\tname=\"wpforms[nonce]\"\n\t\t\t\tvalue=\"134cf077cf\"\n\t\t\t\/>\n\t\t\t<input type=\"hidden\" name=\"wpforms[author]\" value=\"0\"\/><input type=\"hidden\" name=\"wpforms[post_id]\" value=\"15692\"\/><button type=\"submit\" name=\"wpforms[submit]\" id=\"wpforms-submit-16948\" data-alt-text=\"Aguarde...\" data-submit-text=\"Enviar\" aria-live=\"assertive\" value=\"wpforms-submit\">Enviar<\/button><img loading=\"lazy\" decoding=\"async\" src=\"https:\/\/www.frammenti.com\/wp-content\/plugins\/wpforms-lite\/assets\/images\/submit-spin.svg\" width=\"26\" height=\"26\" alt=\"Loading\"\/><\/form>  <!-- .wpforms-container -->\n\n","protected":false},"excerpt":{"rendered":"<p>REDES SOCIAIS CONTACTOS Se tiver alguma quest\u00e3o espec\u00edfica, n\u00e3o hesite em contactar-nos preenchendo este formul\u00e1rio ou telefonando para a nossa equipa de atendimento ao cliente pelo telefone\u00a0+351 913 140 078 SERVI\u00c7O AO CLIENTE Segunda a quinta-feira das 8 &#8211; 16Sexta-feira das 8 &#8211; 15 GMTTelefone +351 913 140 078(chamada para a rede m\u00f3vel nacional)geral@frammentistore.com ONDE&hellip;<\/p>","protected":false},"author":1,"featured_media":0,"parent":0,"menu_order":0,"comment_status":"closed","ping_status":"closed","template":"","meta":{"footnotes":""},"class_list":["post-15692","page","type-page","status-publish","hentry"],"_links":{"self":[{"href":"https:\/\/www.frammenti.com\/en\/wp-json\/wp\/v2\/pages\/15692","targetHints":{"allow":["GET"]}}],"collection":[{"href":"https:\/\/www.frammenti.com\/en\/wp-json\/wp\/v2\/pages"}],"about":[{"href":"https:\/\/www.frammenti.com\/en\/wp-json\/wp\/v2\/types\/page"}],"author":[{"embeddable":true,"href":"https:\/\/www.frammenti.com\/en\/wp-json\/wp\/v2\/users\/1"}],"replies":[{"embeddable":true,"href":"https:\/\/www.frammenti.com\/en\/wp-json\/wp\/v2\/comments?post=15692"}],"version-history":[{"count":4,"href":"https:\/\/www.frammenti.com\/en\/wp-json\/wp\/v2\/pages\/15692\/revisions"}],"predecessor-version":[{"id":18722,"href":"https:\/\/www.frammenti.com\/en\/wp-json\/wp\/v2\/pages\/15692\/revisions\/18722"}],"wp:attachment":[{"href":"https:\/\/www.frammenti.com\/en\/wp-json\/wp\/v2\/media?parent=15692"}],"curies":[{"name":"wp","href":"https:\/\/api.w.org\/{rel}","templated":true}]}}